{"id":2323,"date":"2023-02-28T13:28:52","date_gmt":"2023-02-28T13:28:52","guid":{"rendered":"https:\/\/ramada.11digits.eu\/?post_type=product&#038;p=2323"},"modified":"2024-11-09T08:23:20","modified_gmt":"2024-11-09T08:23:20","slug":"spa-lovers-pachet-2-nopti","status":"publish","type":"product","link":"https:\/\/ramadaoradea.ro\/ro\/product\/spa-lovers-pachet-2-nopti\/","title":{"rendered":"SPA LOVERS     pachet 2 nop\u021bi"},"content":{"rendered":"<p style=\"text-align: left;\" align=\"center\"><span style=\"color: #ff0000;\">Pachetul include:<br \/>\n<\/span>2 nop\u021bi de cazare \u00een camer\u0103 dubl\u0103 cu mic dejun inclus \u0219i late check-out, p\u00e2n\u0103 la ora 16<br \/>\nAcces 1 zi facilit\u0103\u021bi Riserva Wine SPA: sauna infraro\u0219u cu centura de sare Himalaya, saun\u0103 finlandez\u0103 cu vedere panoramic\u0103, camer\u0103 salin\u0103 de relaxare, jacuzzi-uri exterioare \u00eenc\u0103lzite cu vedere panoramic\u0103 asupra centrului vechi al ora\u0219ului<br \/>\nAcces 1 zi RoofTop &amp; Lounge by Ramada<br \/>\nUn ritual Riserva, semn\u0103tura casei &#8211; *VOYAJ DIVINUM &#8211; 120 minute \/ sejur \/ persoan\u0103, un pahar de vin din partea casei pentru a savura pe deplin experien\u021ba<br \/>\n*exfoliere delicat\u0103, \u00eempachetare cu jeleu de struguri, masaj al scalpului, masaj calmant al \u00eentregului corp cu miere \u0219i lavand\u0103<br \/>\nParcare pe teritoriul hotelului<br \/>\nInternet Wireless nelimitat disponibil \u00een camere \u0219i \u00een toate spa\u021biile publice ale hotelului<\/p>\n<p style=\"text-align: left;\" align=\"center\"><span style=\"color: #ff0000;\">Oferta hotelului:<br \/>\n<\/span><a href=\"http:\/\/riserva.ro\/ro\/frontpage\" target=\"_blank\" rel=\"noopener\">Riserva Wine Spa<\/a> &#8211; primul wine spa din Rom\u00e2nia<br \/>\nRoof Top &amp; Lounge by Ramada &#8211; cu vedere panoramica asupra centrului vechi al ora\u0219ului<br \/>\n<a href=\"https:\/\/www.steakhubrestaurant.com\/\" target=\"_blank\" rel=\"noopener\">Restaurantul Steak HUB<\/a> &#8211; steak-uri de vit\u0103 maturat\u0103, meniu gourmet, list\u0103 bogat\u0103 de vinuri rom\u00e2ne\u0219ti \u0219i interna\u021bionale, camer\u0103 vinuri, MOON bar &#8211; selec\u021bie generoas\u0103 de b\u0103uturi \u0219i cockteiluri atent me\u0219te\u0219ugite, teras\u0103 exterioar\u0103 acoperit\u0103<br \/>\nWi-Fi de mare vitez\u0103 \u00een toate spa\u021biile hotelului<br \/>\nSpa\u021biu exterior amenajat pentru fumat<br \/>\nPersonal vorbitor de limbi str\u0103ine<\/p>\n<p><span style=\"color: #ff0000;\">Oferta ora\u0219ului (valabil\u0103 \u00een perioada 01.02.2024-31.12.2024):<br \/>\n<\/span>Pe durata \u0219ederii ave\u021bi acces gratuit \u00een mijloacele de transport \u00een comun OTL (sta\u021bii la 2 minute distan\u021b\u0103), la obiectivele turistice apar\u021bin\u00e2nd Oradea Heritage \u0219i Muzeului \u021a\u0103rii Cri\u0219urilor plus reduceri atractive la cafenele \u0219i restaurante partenere APTOR Oradea.<\/p>\n<p class=\"p1\"><span style=\"color: #333333;\"><span style=\"color: #ff0000;\">Pentru rezerv\u0103ri v\u0103 rug\u0103m s\u0103 ne contacta\u021bi la:<\/span> \u00a0<span style=\"color: #ff0000;\"><a style=\"color: #ff0000;\" href=\"mailto:reservations@ramadaoradea.ro\">reservations@ramadaoradea.ro<\/a>\u00a0<\/span> \/ +40 359 403 333<\/span><\/p>\n<p>*oferta este valabil\u0103 pentru 2 nop\u021bi, \u00een func\u021bie de disponibilitatea hotelului<br \/>\n*micul dejun, accesul \u0219i tratamentul spa sunt incluse \u00een pre\u021bul pachetului<br \/>\n*accept\u0103m plata cu tichete de vacan\u021b\u0103<br \/>\n*v\u0103 recomand\u0103m s\u0103 v\u0103 rezerva\u021bi tratamentele la spa \u00een avans\u00a0<a href=\"mailto:spa@ramadaoradea.ro\">spa@ramadaoradea.ro<\/a>\u00a0sau +40 359 403 335<br \/>\n*pentru acces Aqua Park Nymphaea v\u0103 recomand\u0103m s\u0103 v\u0103 achizi\u021biona\u021bi bilete online \u00een avans acces\u00e2nd\u00a0<a href=\"http:\/\/www.aquapark-nymphaea.ro\/\" target=\"_blank\" rel=\"noopener\">aquapark-nymphaea.ro<\/a><\/p>\n<p>Pentru mai multe beneficii \u00eenroleaz\u0103-te gratuit \u00een programul\u00a0<a href=\"https:\/\/www.wyndhamhotels.com\/wyndham-rewards\" target=\"_blank\" rel=\"noopener\">WYNDHAM REWARDS &#8211; click aici pentru \u00eenrolare<\/a><\/p>\n","protected":false},"excerpt":{"rendered":"<p>Vezi mai jos detalii pachet.<br \/>\nContacteaz\u0103-ne direct \u0219i rezerv\u0103 pachetul dorit. Aten\u021bie<span class=\"Apple-converted-space\">\u00a0\u00a0<\/span>\u2013 plata poate fi realizat\u0103 doar dup\u0103 rezervarea ferm\u0103 a produsului \u0219i primirea confirm\u0103rii rezerv\u0103rii. Pentru a realiza plata online \u00een condi\u021bii de siguran\u021b\u0103 garantate de Banca Transilvania v\u0103 rug\u0103m s\u0103 completa\u021bi la sec\u021biunea\u00a0 \u2013\u00a0<b>Pre\u021b \u2013\u00a0<\/b>valoarea exact\u0103 a produsului specificat\u0103 \u00een confirmarea rezerv\u0103rii, ap\u0103sa\u021bi oriunde \u00een afara c\u0103su\u021bei -&gt; ad\u0103ug\u0103 \u00een co\u0219 -&gt; vezi co\u0219ul \u0219i continu\u0103 cu completarea datelor necesare pentru finalizarea pl\u0103\u021bii. La sec\u021biunea \u2013\u00a0<b>Num\u0103r Comand\u0103<\/b>\u00a0\u2013 v\u0103 rug\u0103m s\u0103 specifica\u021bi num\u0103rul de confirmare al rezerv\u0103rii pentru a identifica plata. Mul\u021bumim!<\/p>\n","protected":false},"featured_media":2015,"comment_status":"open","ping_status":"closed","template":"","meta":[],"product_cat":[55],"product_tag":[],"class_list":{"0":"post-2323","1":"product","2":"type-product","3":"status-publish","4":"has-post-thumbnail","5":"hentry","6":"product_cat-ramada","8":"catalog-layout-full-bg","9":"columns-xs-1","10":"cpw-product"},"acf":[],"yoast_head":"<!-- This site is optimized with the Yoast SEO plugin v20.1 - https:\/\/yoast.com\/wordpress\/plugins\/seo\/ -->\n<title>SPA LOVERS   pachet 2 nop\u021bi - Ramada<\/title>\n<meta name=\"description\" content=\"Pentru o experien\u021b\u0103 binemeritat\u0103 de relaxare \u0219i pentru a-\u021bi r\u0103spl\u0103ti \u00eencrederea pe care o ai atunci c\u00e2nd alegi serviciile Ramada by Wyndham Oradea, hotelul nostru \u021bi-a preg\u0103tit experien\u021be speciale. Acestea sunt oferite doar pe baz\u0103 de rezerv\u0103ri directe. \u00cen acest sens te invit\u0103m s\u0103 ne contactezi la reservations@ramadaoradea.ro sau +40 359 403 333. Te invit\u0103m s\u0103 alegi din oferta de mai jos, pachetul cel mai atractiv pentru tine!\" \/>\n<meta name=\"robots\" content=\"index, follow, max-snippet:-1, max-image-preview:large, max-video-preview:-1\" \/>\n<link rel=\"canonical\" href=\"https:\/\/ramadaoradea.ro\/ro\/product\/spa-lovers-pachet-2-nopti\/\" \/>\n<meta property=\"og:locale\" content=\"ro_RO\" \/>\n<meta property=\"og:type\" content=\"article\" \/>\n<meta property=\"og:title\" content=\"spa-lovers-pachet-2-nopti\" \/>\n<meta property=\"og:description\" content=\"Pentru o experien\u021b\u0103 binemeritat\u0103 de relaxare \u0219i pentru a-\u021bi r\u0103spl\u0103ti \u00eencrederea pe care o ai atunci c\u00e2nd alegi serviciile Ramada by Wyndham Oradea, hotelul nostru \u021bi-a preg\u0103tit experien\u021be speciale. Acestea sunt oferite doar pe baz\u0103 de rezerv\u0103ri directe. \u00cen acest sens te invit\u0103m s\u0103 ne contactezi la reservations@ramadaoradea.ro sau +40 359 403 333. Te invit\u0103m s\u0103 alegi din oferta de mai jos, pachetul cel mai atractiv pentru tine!\" \/>\n<meta property=\"og:url\" content=\"https:\/\/ramadaoradea.ro\/ro\/product\/spa-lovers-pachet-2-nopti\/\" \/>\n<meta property=\"og:site_name\" content=\"Ramada\" \/>\n<meta property=\"article:modified_time\" content=\"2024-11-09T08:23:20+00:00\" \/>\n<meta property=\"og:image\" content=\"https:\/\/ramadaoradea.ro\/wp-content\/uploads\/2023\/02\/facilitati-02-0312.jpg\" \/>\n\t<meta property=\"og:image:width\" content=\"1920\" \/>\n\t<meta property=\"og:image:height\" content=\"1080\" \/>\n\t<meta property=\"og:image:type\" content=\"image\/jpeg\" \/>\n<meta name=\"twitter:card\" content=\"summary_large_image\" \/>\n<meta name=\"twitter:label1\" content=\"Timp estimat pentru citire\" \/>\n\t<meta name=\"twitter:data1\" content=\"2 minute\" \/>\n<script type=\"application\/ld+json\" class=\"yoast-schema-graph\">{\"@context\":\"https:\/\/schema.org\",\"@graph\":[{\"@type\":\"WebPage\",\"@id\":\"https:\/\/ramadaoradea.ro\/ro\/product\/spa-lovers-pachet-2-nopti\/\",\"url\":\"https:\/\/ramadaoradea.ro\/ro\/product\/spa-lovers-pachet-2-nopti\/\",\"name\":\"SPA LOVERS pachet 2 nop\u021bi - Ramada\",\"isPartOf\":{\"@id\":\"https:\/\/ramadaoradea.ro\/ro\/#website\"},\"datePublished\":\"2023-02-28T13:28:52+00:00\",\"dateModified\":\"2024-11-09T08:23:20+00:00\",\"description\":\"Pentru o experien\u021b\u0103 binemeritat\u0103 de relaxare \u0219i pentru a-\u021bi r\u0103spl\u0103ti \u00eencrederea pe care o ai atunci c\u00e2nd alegi serviciile Ramada by Wyndham Oradea, hotelul nostru \u021bi-a preg\u0103tit experien\u021be speciale. Acestea sunt oferite doar pe baz\u0103 de rezerv\u0103ri directe. \u00cen acest sens te invit\u0103m s\u0103 ne contactezi la reservations@ramadaoradea.ro sau +40 359 403 333. Te invit\u0103m s\u0103 alegi din oferta de mai jos, pachetul cel mai atractiv pentru tine!\",\"breadcrumb\":{\"@id\":\"https:\/\/ramadaoradea.ro\/ro\/product\/spa-lovers-pachet-2-nopti\/#breadcrumb\"},\"inLanguage\":\"ro-RO\",\"potentialAction\":[{\"@type\":\"ReadAction\",\"target\":[\"https:\/\/ramadaoradea.ro\/ro\/product\/spa-lovers-pachet-2-nopti\/\"]}]},{\"@type\":\"BreadcrumbList\",\"@id\":\"https:\/\/ramadaoradea.ro\/ro\/product\/spa-lovers-pachet-2-nopti\/#breadcrumb\",\"itemListElement\":[{\"@type\":\"ListItem\",\"position\":1,\"name\":\"Home\",\"item\":\"https:\/\/ramadaoradea.ro\/\"},{\"@type\":\"ListItem\",\"position\":2,\"name\":\"Pachete\",\"item\":\"https:\/\/ramadaoradea.ro\/ro\/pachete\/\"},{\"@type\":\"ListItem\",\"position\":3,\"name\":\"SPA LOVERS pachet 2 nop\u021bi\"}]},{\"@type\":\"WebSite\",\"@id\":\"https:\/\/ramadaoradea.ro\/ro\/#website\",\"url\":\"https:\/\/ramadaoradea.ro\/ro\/\",\"name\":\"Ramada\",\"description\":\"\",\"potentialAction\":[{\"@type\":\"SearchAction\",\"target\":{\"@type\":\"EntryPoint\",\"urlTemplate\":\"https:\/\/ramadaoradea.ro\/ro\/?s={search_term_string}\"},\"query-input\":\"required name=search_term_string\"}],\"inLanguage\":\"ro-RO\"}]}<\/script>\n<!-- \/ Yoast SEO plugin. -->","yoast_head_json":{"title":"SPA LOVERS   pachet 2 nop\u021bi - Ramada","description":"Pentru o experien\u021b\u0103 binemeritat\u0103 de relaxare \u0219i pentru a-\u021bi r\u0103spl\u0103ti \u00eencrederea pe care o ai atunci c\u00e2nd alegi serviciile Ramada by Wyndham Oradea, hotelul nostru \u021bi-a preg\u0103tit experien\u021be speciale. Acestea sunt oferite doar pe baz\u0103 de rezerv\u0103ri directe. \u00cen acest sens te invit\u0103m s\u0103 ne contactezi la reservations@ramadaoradea.ro sau +40 359 403 333. Te invit\u0103m s\u0103 alegi din oferta de mai jos, pachetul cel mai atractiv pentru tine!","robots":{"index":"index","follow":"follow","max-snippet":"max-snippet:-1","max-image-preview":"max-image-preview:large","max-video-preview":"max-video-preview:-1"},"canonical":"https:\/\/ramadaoradea.ro\/ro\/product\/spa-lovers-pachet-2-nopti\/","og_locale":"ro_RO","og_type":"article","og_title":"spa-lovers-pachet-2-nopti","og_description":"Pentru o experien\u021b\u0103 binemeritat\u0103 de relaxare \u0219i pentru a-\u021bi r\u0103spl\u0103ti \u00eencrederea pe care o ai atunci c\u00e2nd alegi serviciile Ramada by Wyndham Oradea, hotelul nostru \u021bi-a preg\u0103tit experien\u021be speciale. Acestea sunt oferite doar pe baz\u0103 de rezerv\u0103ri directe. \u00cen acest sens te invit\u0103m s\u0103 ne contactezi la reservations@ramadaoradea.ro sau +40 359 403 333. Te invit\u0103m s\u0103 alegi din oferta de mai jos, pachetul cel mai atractiv pentru tine!","og_url":"https:\/\/ramadaoradea.ro\/ro\/product\/spa-lovers-pachet-2-nopti\/","og_site_name":"Ramada","article_modified_time":"2024-11-09T08:23:20+00:00","og_image":[{"width":1920,"height":1080,"url":"https:\/\/ramadaoradea.ro\/wp-content\/uploads\/2023\/02\/facilitati-02-0312.jpg","type":"image\/jpeg"}],"twitter_card":"summary_large_image","twitter_misc":{"Timp estimat pentru citire":"2 minute"},"schema":{"@context":"https:\/\/schema.org","@graph":[{"@type":"WebPage","@id":"https:\/\/ramadaoradea.ro\/ro\/product\/spa-lovers-pachet-2-nopti\/","url":"https:\/\/ramadaoradea.ro\/ro\/product\/spa-lovers-pachet-2-nopti\/","name":"SPA LOVERS pachet 2 nop\u021bi - Ramada","isPartOf":{"@id":"https:\/\/ramadaoradea.ro\/ro\/#website"},"datePublished":"2023-02-28T13:28:52+00:00","dateModified":"2024-11-09T08:23:20+00:00","description":"Pentru o experien\u021b\u0103 binemeritat\u0103 de relaxare \u0219i pentru a-\u021bi r\u0103spl\u0103ti \u00eencrederea pe care o ai atunci c\u00e2nd alegi serviciile Ramada by Wyndham Oradea, hotelul nostru \u021bi-a preg\u0103tit experien\u021be speciale. Acestea sunt oferite doar pe baz\u0103 de rezerv\u0103ri directe. \u00cen acest sens te invit\u0103m s\u0103 ne contactezi la reservations@ramadaoradea.ro sau +40 359 403 333. Te invit\u0103m s\u0103 alegi din oferta de mai jos, pachetul cel mai atractiv pentru tine!","breadcrumb":{"@id":"https:\/\/ramadaoradea.ro\/ro\/product\/spa-lovers-pachet-2-nopti\/#breadcrumb"},"inLanguage":"ro-RO","potentialAction":[{"@type":"ReadAction","target":["https:\/\/ramadaoradea.ro\/ro\/product\/spa-lovers-pachet-2-nopti\/"]}]},{"@type":"BreadcrumbList","@id":"https:\/\/ramadaoradea.ro\/ro\/product\/spa-lovers-pachet-2-nopti\/#breadcrumb","itemListElement":[{"@type":"ListItem","position":1,"name":"Home","item":"https:\/\/ramadaoradea.ro\/"},{"@type":"ListItem","position":2,"name":"Pachete","item":"https:\/\/ramadaoradea.ro\/ro\/pachete\/"},{"@type":"ListItem","position":3,"name":"SPA LOVERS pachet 2 nop\u021bi"}]},{"@type":"WebSite","@id":"https:\/\/ramadaoradea.ro\/ro\/#website","url":"https:\/\/ramadaoradea.ro\/ro\/","name":"Ramada","description":"","potentialAction":[{"@type":"SearchAction","target":{"@type":"EntryPoint","urlTemplate":"https:\/\/ramadaoradea.ro\/ro\/?s={search_term_string}"},"query-input":"required name=search_term_string"}],"inLanguage":"ro-RO"}]}},"_links":{"self":[{"href":"https:\/\/ramadaoradea.ro\/ro\/wp-json\/wp\/v2\/product\/2323","targetHints":{"allow":["GET"]}}],"collection":[{"href":"https:\/\/ramadaoradea.ro\/ro\/wp-json\/wp\/v2\/product"}],"about":[{"href":"https:\/\/ramadaoradea.ro\/ro\/wp-json\/wp\/v2\/types\/product"}],"replies":[{"embeddable":true,"href":"https:\/\/ramadaoradea.ro\/ro\/wp-json\/wp\/v2\/comments?post=2323"}],"wp:featuredmedia":[{"embeddable":true,"href":"https:\/\/ramadaoradea.ro\/ro\/wp-json\/wp\/v2\/media\/2015"}],"wp:attachment":[{"href":"https:\/\/ramadaoradea.ro\/ro\/wp-json\/wp\/v2\/media?parent=2323"}],"wp:term":[{"taxonomy":"product_cat","embeddable":true,"href":"https:\/\/ramadaoradea.ro\/ro\/wp-json\/wp\/v2\/product_cat?post=2323"},{"taxonomy":"product_tag","embeddable":true,"href":"https:\/\/ramadaoradea.ro\/ro\/wp-json\/wp\/v2\/product_tag?post=2323"}],"curies":[{"name":"wp","href":"https:\/\/api.w.org\/{rel}","templated":true}]}}