{"id":2231,"date":"2023-02-21T10:55:29","date_gmt":"2023-02-21T10:55:29","guid":{"rendered":"https:\/\/ramada.11digits.eu\/?post_type=product&#038;p=2231"},"modified":"2025-04-13T18:33:32","modified_gmt":"2025-04-13T18:33:32","slug":"gift-card","status":"publish","type":"product","link":"https:\/\/ramadaoradea.ro\/ro\/product\/gift-card\/","title":{"rendered":"GIFT CARD RISERVA WINE SPA"},"content":{"rendered":"<p>Din dragoste. Din grij\u0103. Din respect. Din simpatie. Din dorin\u021ba de a impresiona. Orice motiv ai avea s\u0103 faci o bucurie cuiva drag, Riserva Gift Card va fi la \u00een\u0103l\u021bimea momentului.<\/p>\n","protected":false},"excerpt":{"rendered":"<p class=\"p1\">Vezi mai jos detalii produs.<br \/>\nContacteaz\u0103-ne direct \u0219i rezerv\u0103 produsul dorit. Aten\u021bie<span class=\"Apple-converted-space\">\u00a0\u00a0<\/span>\u2013 plata poate fi realizat\u0103 doar dup\u0103 rezervarea ferm\u0103 a produsului \u0219i primirea confirm\u0103rii rezerv\u0103rii. Pentru a realiza plata online \u00een condi\u021bii de siguran\u021b\u0103 garantate de Banca Transilvania v\u0103 rug\u0103m s\u0103 completa\u021bi la sec\u021biunea\u00a0 \u2013\u00a0<b>Pre\u021b \u2013\u00a0<\/b>valoarea exact\u0103 a produsului specificat\u0103 \u00een confirmarea rezerv\u0103rii, ap\u0103sa\u021bi oriunde \u00een afara c\u0103su\u021bei -&gt; ad\u0103ug\u0103 \u00een co\u0219 -&gt; vezi co\u0219ul \u0219i continu\u0103 cu completarea datelor necesare pentru finalizarea pl\u0103\u021bii. La sec\u021biunea \u2013\u00a0<b>Num\u0103r Comand\u0103<\/b>\u00a0\u2013 v\u0103 rug\u0103m s\u0103 specifica\u021bi num\u0103rul de confirmare al rezerv\u0103rii pentru a identifica plata. Mul\u021bumim!<\/p>\n","protected":false},"featured_media":2865,"comment_status":"open","ping_status":"closed","template":"","meta":[],"product_cat":[55],"product_tag":[],"class_list":{"0":"post-2231","1":"product","2":"type-product","3":"status-publish","4":"has-post-thumbnail","5":"hentry","6":"product_cat-ramada","8":"catalog-layout-full-bg","9":"columns-xs-1","10":"cpw-product"},"acf":[],"yoast_head":"<!-- This site is optimized with the Yoast SEO plugin v20.1 - https:\/\/yoast.com\/wordpress\/plugins\/seo\/ -->\n<title>GIFT CARD RISERVA WINE SPA - Ramada<\/title>\n<meta name=\"description\" content=\"Din dragoste. Din grij\u0103. Din respect. Din simpatie. Din dorin\u021ba de a impresiona. Orice motiv ai avea s\u0103 faci o bucurie cuiva drag, Riserva Gift Card va fi la \u00een\u0103l\u021bimea momentului.\" \/>\n<meta name=\"robots\" content=\"index, follow, max-snippet:-1, max-image-preview:large, max-video-preview:-1\" \/>\n<link rel=\"canonical\" href=\"https:\/\/ramadaoradea.ro\/ro\/product\/gift-card\/\" \/>\n<meta property=\"og:locale\" content=\"ro_RO\" \/>\n<meta property=\"og:type\" content=\"article\" \/>\n<meta property=\"og:title\" content=\"gift card\" \/>\n<meta property=\"og:description\" content=\"Din dragoste. Din grij\u0103. Din respect. Din simpatie. Din dorin\u021ba de a impresiona. Orice motiv ai avea s\u0103 faci o bucurie cuiva drag, Riserva Gift Card va fi la \u00een\u0103l\u021bimea momentului.\" \/>\n<meta property=\"og:url\" content=\"https:\/\/ramadaoradea.ro\/ro\/product\/gift-card\/\" \/>\n<meta property=\"og:site_name\" content=\"Ramada\" \/>\n<meta property=\"article:modified_time\" content=\"2025-04-13T18:33:32+00:00\" \/>\n<meta property=\"og:image\" content=\"https:\/\/ramadaoradea.ro\/wp-content\/uploads\/2023\/02\/giftcard_01-done.jpg\" \/>\n\t<meta property=\"og:image:width\" content=\"1920\" \/>\n\t<meta property=\"og:image:height\" content=\"1080\" \/>\n\t<meta property=\"og:image:type\" content=\"image\/jpeg\" \/>\n<meta name=\"twitter:card\" content=\"summary_large_image\" \/>\n<meta name=\"twitter:label1\" content=\"Timp estimat pentru citire\" \/>\n\t<meta name=\"twitter:data1\" content=\"1 minut\" \/>\n<script type=\"application\/ld+json\" class=\"yoast-schema-graph\">{\"@context\":\"https:\/\/schema.org\",\"@graph\":[{\"@type\":\"WebPage\",\"@id\":\"https:\/\/ramadaoradea.ro\/ro\/product\/gift-card\/\",\"url\":\"https:\/\/ramadaoradea.ro\/ro\/product\/gift-card\/\",\"name\":\"GIFT CARD RISERVA WINE SPA - Ramada\",\"isPartOf\":{\"@id\":\"https:\/\/ramadaoradea.ro\/ro\/#website\"},\"datePublished\":\"2023-02-21T10:55:29+00:00\",\"dateModified\":\"2025-04-13T18:33:32+00:00\",\"description\":\"Din dragoste. Din grij\u0103. Din respect. Din simpatie. Din dorin\u021ba de a impresiona. Orice motiv ai avea s\u0103 faci o bucurie cuiva drag, Riserva Gift Card va fi la \u00een\u0103l\u021bimea momentului.\",\"breadcrumb\":{\"@id\":\"https:\/\/ramadaoradea.ro\/ro\/product\/gift-card\/#breadcrumb\"},\"inLanguage\":\"ro-RO\",\"potentialAction\":[{\"@type\":\"ReadAction\",\"target\":[\"https:\/\/ramadaoradea.ro\/ro\/product\/gift-card\/\"]}]},{\"@type\":\"BreadcrumbList\",\"@id\":\"https:\/\/ramadaoradea.ro\/ro\/product\/gift-card\/#breadcrumb\",\"itemListElement\":[{\"@type\":\"ListItem\",\"position\":1,\"name\":\"Home\",\"item\":\"https:\/\/ramadaoradea.ro\/\"},{\"@type\":\"ListItem\",\"position\":2,\"name\":\"Pachete\",\"item\":\"https:\/\/ramadaoradea.ro\/ro\/pachete\/\"},{\"@type\":\"ListItem\",\"position\":3,\"name\":\"GIFT CARD RISERVA WINE SPA\"}]},{\"@type\":\"WebSite\",\"@id\":\"https:\/\/ramadaoradea.ro\/ro\/#website\",\"url\":\"https:\/\/ramadaoradea.ro\/ro\/\",\"name\":\"Ramada\",\"description\":\"\",\"potentialAction\":[{\"@type\":\"SearchAction\",\"target\":{\"@type\":\"EntryPoint\",\"urlTemplate\":\"https:\/\/ramadaoradea.ro\/ro\/?s={search_term_string}\"},\"query-input\":\"required name=search_term_string\"}],\"inLanguage\":\"ro-RO\"}]}<\/script>\n<!-- \/ Yoast SEO plugin. -->","yoast_head_json":{"title":"GIFT CARD RISERVA WINE SPA - Ramada","description":"Din dragoste. Din grij\u0103. Din respect. Din simpatie. Din dorin\u021ba de a impresiona. Orice motiv ai avea s\u0103 faci o bucurie cuiva drag, Riserva Gift Card va fi la \u00een\u0103l\u021bimea momentului.","robots":{"index":"index","follow":"follow","max-snippet":"max-snippet:-1","max-image-preview":"max-image-preview:large","max-video-preview":"max-video-preview:-1"},"canonical":"https:\/\/ramadaoradea.ro\/ro\/product\/gift-card\/","og_locale":"ro_RO","og_type":"article","og_title":"gift card","og_description":"Din dragoste. Din grij\u0103. Din respect. Din simpatie. Din dorin\u021ba de a impresiona. Orice motiv ai avea s\u0103 faci o bucurie cuiva drag, Riserva Gift Card va fi la \u00een\u0103l\u021bimea momentului.","og_url":"https:\/\/ramadaoradea.ro\/ro\/product\/gift-card\/","og_site_name":"Ramada","article_modified_time":"2025-04-13T18:33:32+00:00","og_image":[{"width":1920,"height":1080,"url":"https:\/\/ramadaoradea.ro\/wp-content\/uploads\/2023\/02\/giftcard_01-done.jpg","type":"image\/jpeg"}],"twitter_card":"summary_large_image","twitter_misc":{"Timp estimat pentru citire":"1 minut"},"schema":{"@context":"https:\/\/schema.org","@graph":[{"@type":"WebPage","@id":"https:\/\/ramadaoradea.ro\/ro\/product\/gift-card\/","url":"https:\/\/ramadaoradea.ro\/ro\/product\/gift-card\/","name":"GIFT CARD RISERVA WINE SPA - Ramada","isPartOf":{"@id":"https:\/\/ramadaoradea.ro\/ro\/#website"},"datePublished":"2023-02-21T10:55:29+00:00","dateModified":"2025-04-13T18:33:32+00:00","description":"Din dragoste. Din grij\u0103. Din respect. Din simpatie. Din dorin\u021ba de a impresiona. Orice motiv ai avea s\u0103 faci o bucurie cuiva drag, Riserva Gift Card va fi la \u00een\u0103l\u021bimea momentului.","breadcrumb":{"@id":"https:\/\/ramadaoradea.ro\/ro\/product\/gift-card\/#breadcrumb"},"inLanguage":"ro-RO","potentialAction":[{"@type":"ReadAction","target":["https:\/\/ramadaoradea.ro\/ro\/product\/gift-card\/"]}]},{"@type":"BreadcrumbList","@id":"https:\/\/ramadaoradea.ro\/ro\/product\/gift-card\/#breadcrumb","itemListElement":[{"@type":"ListItem","position":1,"name":"Home","item":"https:\/\/ramadaoradea.ro\/"},{"@type":"ListItem","position":2,"name":"Pachete","item":"https:\/\/ramadaoradea.ro\/ro\/pachete\/"},{"@type":"ListItem","position":3,"name":"GIFT CARD RISERVA WINE SPA"}]},{"@type":"WebSite","@id":"https:\/\/ramadaoradea.ro\/ro\/#website","url":"https:\/\/ramadaoradea.ro\/ro\/","name":"Ramada","description":"","potentialAction":[{"@type":"SearchAction","target":{"@type":"EntryPoint","urlTemplate":"https:\/\/ramadaoradea.ro\/ro\/?s={search_term_string}"},"query-input":"required name=search_term_string"}],"inLanguage":"ro-RO"}]}},"_links":{"self":[{"href":"https:\/\/ramadaoradea.ro\/ro\/wp-json\/wp\/v2\/product\/2231","targetHints":{"allow":["GET"]}}],"collection":[{"href":"https:\/\/ramadaoradea.ro\/ro\/wp-json\/wp\/v2\/product"}],"about":[{"href":"https:\/\/ramadaoradea.ro\/ro\/wp-json\/wp\/v2\/types\/product"}],"replies":[{"embeddable":true,"href":"https:\/\/ramadaoradea.ro\/ro\/wp-json\/wp\/v2\/comments?post=2231"}],"wp:featuredmedia":[{"embeddable":true,"href":"https:\/\/ramadaoradea.ro\/ro\/wp-json\/wp\/v2\/media\/2865"}],"wp:attachment":[{"href":"https:\/\/ramadaoradea.ro\/ro\/wp-json\/wp\/v2\/media?parent=2231"}],"wp:term":[{"taxonomy":"product_cat","embeddable":true,"href":"https:\/\/ramadaoradea.ro\/ro\/wp-json\/wp\/v2\/product_cat?post=2231"},{"taxonomy":"product_tag","embeddable":true,"href":"https:\/\/ramadaoradea.ro\/ro\/wp-json\/wp\/v2\/product_tag?post=2231"}],"curies":[{"name":"wp","href":"https:\/\/api.w.org\/{rel}","templated":true}]}}