{"id":1877,"date":"2023-02-07T12:22:23","date_gmt":"2023-02-07T12:22:23","guid":{"rendered":"http:\/\/ramada\/?post_type=product&#038;p=1877"},"modified":"2024-11-19T23:54:19","modified_gmt":"2024-11-19T23:54:19","slug":"gift-card-steak-hub","status":"publish","type":"product","link":"https:\/\/ramadaoradea.ro\/ro\/product\/gift-card-steak-hub\/","title":{"rendered":"GIFT CARD STEAK HUB"},"content":{"rendered":"<p>Din dragoste. Din grij\u0103. Din respect. Din simpatie. Din dorin\u021ba de a impresiona. Orice motiv ai avea s\u0103 faci o bucurie cuiva drag, Steak HUB Gift Card va fi la \u00een\u0103l\u021bimea momentului.<\/p>\n<p>Condi\u021bii utilizare voucher:<\/p>\n<p>Voucherul cadou este valabil pentru o singur\u0103 utilizare \u0219i exclusiv \u00een loca\u021bia Steak HUB. Dac\u0103 valoarea consuma\u021biei dep\u0103\u0219e\u0219te valoarea voucherului, diferen\u021ba poate fi achitat\u0103 fie \u00een numerar, fie cu card bancar. \u00cen cazul \u00een care consuma\u021bia este mai mic\u0103 dec\u00e2t valoarea voucherului, diferen\u021ba de bani nu se returneaz\u0103. Voucherul poate fi ridicat \u00een format fizic \u00een restaurantul Steak HUB. V\u0103 recomand\u0103m s\u0103 face\u021bi o rezervare \u00een avans la +40 359 403 323 sau <a href=\"mailto:reservations@steakhubrestaurant.com\">reservations@steakhubrestaurant.com<\/a>. V\u0103 mul\u021bumim pentru alegerea f\u0103cut\u0103!<\/p>\n<p>&nbsp;<\/p>\n","protected":false},"excerpt":{"rendered":"<p>Dac\u0103 dori\u021bi s\u0103 cump\u0103ra\u021bi online un voucher cadou pentru restaurantul Steak HUB, v\u0103 rug\u0103m s\u0103 urma\u021bi pa\u0219ii detalia\u021bi \u00een cele ce urmeaz\u0103. Totodat\u0103, mai jos \u00een pagin\u0103 ve\u021bi g\u0103si condi\u021biile de utilizare ale voucherului.<\/p>\n<p class=\"p1\">Pentru a realiza plata online \u00een condi\u021bii de siguran\u021b\u0103 garantate de Banca Transilvania v\u0103 rug\u0103m s\u0103 completa\u021bi la sec\u021biunea\u00a0 \u2013 <b>Pre\u021b \u2013\u00a0<\/b>valoarea \u00een Lei a voucherului, ap\u0103sa\u021bi oriunde \u00een afara c\u0103su\u021bei -&gt; ad\u0103ug\u0103 \u00een co\u0219 -&gt; vezi co\u0219ul \u0219i continu\u0103 cu completarea datelor necesare pentru finalizarea pl\u0103\u021bii. Mul\u021bumim!<\/p>\n","protected":false},"featured_media":2019,"comment_status":"open","ping_status":"closed","template":"","meta":[],"product_cat":[55],"product_tag":[],"class_list":{"0":"post-1877","1":"product","2":"type-product","3":"status-publish","4":"has-post-thumbnail","5":"hentry","6":"product_cat-ramada","8":"catalog-layout-full-bg","9":"columns-xs-1","10":"cpw-product"},"acf":[],"yoast_head":"<!-- This site is optimized with the Yoast SEO plugin v20.1 - https:\/\/yoast.com\/wordpress\/plugins\/seo\/ -->\n<title>GIFT CARD STEAK HUB - Ramada<\/title>\n<meta name=\"description\" content=\"Din dragoste. Din grij\u0103. Din respect. Din simpatie. Din dorin\u021ba de a impresiona. Orice motiv ai avea s\u0103 faci o bucurie cuiva drag, Steak HUB Gift Card va fi la \u00een\u0103l\u021bimea momentului.\" \/>\n<meta name=\"robots\" content=\"index, follow, max-snippet:-1, max-image-preview:large, max-video-preview:-1\" \/>\n<link rel=\"canonical\" href=\"https:\/\/ramadaoradea.ro\/ro\/product\/gift-card-steak-hub\/\" \/>\n<meta property=\"og:locale\" content=\"ro_RO\" \/>\n<meta property=\"og:type\" content=\"article\" \/>\n<meta property=\"og:title\" content=\"gift card\" \/>\n<meta property=\"og:description\" content=\"Din dragoste. Din grij\u0103. Din respect. Din simpatie. Din dorin\u021ba de a impresiona. Orice motiv ai avea s\u0103 faci o bucurie cuiva drag, Steak HUB Gift Card va fi la \u00een\u0103l\u021bimea momentului.\" \/>\n<meta property=\"og:url\" content=\"https:\/\/ramadaoradea.ro\/ro\/product\/gift-card-steak-hub\/\" \/>\n<meta property=\"og:site_name\" content=\"Ramada\" \/>\n<meta property=\"article:modified_time\" content=\"2024-11-19T23:54:19+00:00\" \/>\n<meta property=\"og:image\" content=\"https:\/\/ramadaoradea.ro\/wp-content\/uploads\/2023\/02\/2021-10-09-Ramada-Steak-Hub-0137.jpg\" \/>\n\t<meta property=\"og:image:width\" content=\"804\" \/>\n\t<meta property=\"og:image:height\" content=\"765\" \/>\n\t<meta property=\"og:image:type\" content=\"image\/jpeg\" \/>\n<meta name=\"twitter:card\" content=\"summary_large_image\" \/>\n<meta name=\"twitter:label1\" content=\"Timp estimat pentru citire\" \/>\n\t<meta name=\"twitter:data1\" content=\"1 minut\" \/>\n<script type=\"application\/ld+json\" class=\"yoast-schema-graph\">{\"@context\":\"https:\/\/schema.org\",\"@graph\":[{\"@type\":\"WebPage\",\"@id\":\"https:\/\/ramadaoradea.ro\/en\/product\/gift-card-steak-hub\/\",\"url\":\"https:\/\/ramadaoradea.ro\/en\/product\/gift-card-steak-hub\/\",\"name\":\"GIFT CARD STEAK HUB - Ramada\",\"isPartOf\":{\"@id\":\"https:\/\/ramadaoradea.ro\/ro\/#website\"},\"datePublished\":\"2023-02-07T12:22:23+00:00\",\"dateModified\":\"2024-11-19T23:54:19+00:00\",\"description\":\"Din dragoste. Din grij\u0103. Din respect. Din simpatie. Din dorin\u021ba de a impresiona. Orice motiv ai avea s\u0103 faci o bucurie cuiva drag, Steak HUB Gift Card va fi la \u00een\u0103l\u021bimea momentului.\",\"breadcrumb\":{\"@id\":\"https:\/\/ramadaoradea.ro\/en\/product\/gift-card-steak-hub\/#breadcrumb\"},\"inLanguage\":\"ro-RO\",\"potentialAction\":[{\"@type\":\"ReadAction\",\"target\":[\"https:\/\/ramadaoradea.ro\/en\/product\/gift-card-steak-hub\/\"]}]},{\"@type\":\"BreadcrumbList\",\"@id\":\"https:\/\/ramadaoradea.ro\/en\/product\/gift-card-steak-hub\/#breadcrumb\",\"itemListElement\":[{\"@type\":\"ListItem\",\"position\":1,\"name\":\"Home\",\"item\":\"https:\/\/ramadaoradea.ro\/\"},{\"@type\":\"ListItem\",\"position\":2,\"name\":\"Pachete\",\"item\":\"https:\/\/ramadaoradea.ro\/ro\/pachete\/\"},{\"@type\":\"ListItem\",\"position\":3,\"name\":\"GIFT CARD STEAK HUB\"}]},{\"@type\":\"WebSite\",\"@id\":\"https:\/\/ramadaoradea.ro\/ro\/#website\",\"url\":\"https:\/\/ramadaoradea.ro\/ro\/\",\"name\":\"Ramada\",\"description\":\"\",\"potentialAction\":[{\"@type\":\"SearchAction\",\"target\":{\"@type\":\"EntryPoint\",\"urlTemplate\":\"https:\/\/ramadaoradea.ro\/ro\/?s={search_term_string}\"},\"query-input\":\"required name=search_term_string\"}],\"inLanguage\":\"ro-RO\"}]}<\/script>\n<!-- \/ Yoast SEO plugin. -->","yoast_head_json":{"title":"GIFT CARD STEAK HUB - Ramada","description":"Din dragoste. Din grij\u0103. Din respect. Din simpatie. Din dorin\u021ba de a impresiona. Orice motiv ai avea s\u0103 faci o bucurie cuiva drag, Steak HUB Gift Card va fi la \u00een\u0103l\u021bimea momentului.","robots":{"index":"index","follow":"follow","max-snippet":"max-snippet:-1","max-image-preview":"max-image-preview:large","max-video-preview":"max-video-preview:-1"},"canonical":"https:\/\/ramadaoradea.ro\/ro\/product\/gift-card-steak-hub\/","og_locale":"ro_RO","og_type":"article","og_title":"gift card","og_description":"Din dragoste. Din grij\u0103. Din respect. Din simpatie. Din dorin\u021ba de a impresiona. Orice motiv ai avea s\u0103 faci o bucurie cuiva drag, Steak HUB Gift Card va fi la \u00een\u0103l\u021bimea momentului.","og_url":"https:\/\/ramadaoradea.ro\/ro\/product\/gift-card-steak-hub\/","og_site_name":"Ramada","article_modified_time":"2024-11-19T23:54:19+00:00","og_image":[{"width":804,"height":765,"url":"https:\/\/ramadaoradea.ro\/wp-content\/uploads\/2023\/02\/2021-10-09-Ramada-Steak-Hub-0137.jpg","type":"image\/jpeg"}],"twitter_card":"summary_large_image","twitter_misc":{"Timp estimat pentru citire":"1 minut"},"schema":{"@context":"https:\/\/schema.org","@graph":[{"@type":"WebPage","@id":"https:\/\/ramadaoradea.ro\/en\/product\/gift-card-steak-hub\/","url":"https:\/\/ramadaoradea.ro\/en\/product\/gift-card-steak-hub\/","name":"GIFT CARD STEAK HUB - Ramada","isPartOf":{"@id":"https:\/\/ramadaoradea.ro\/ro\/#website"},"datePublished":"2023-02-07T12:22:23+00:00","dateModified":"2024-11-19T23:54:19+00:00","description":"Din dragoste. Din grij\u0103. Din respect. Din simpatie. Din dorin\u021ba de a impresiona. Orice motiv ai avea s\u0103 faci o bucurie cuiva drag, Steak HUB Gift Card va fi la \u00een\u0103l\u021bimea momentului.","breadcrumb":{"@id":"https:\/\/ramadaoradea.ro\/en\/product\/gift-card-steak-hub\/#breadcrumb"},"inLanguage":"ro-RO","potentialAction":[{"@type":"ReadAction","target":["https:\/\/ramadaoradea.ro\/en\/product\/gift-card-steak-hub\/"]}]},{"@type":"BreadcrumbList","@id":"https:\/\/ramadaoradea.ro\/en\/product\/gift-card-steak-hub\/#breadcrumb","itemListElement":[{"@type":"ListItem","position":1,"name":"Home","item":"https:\/\/ramadaoradea.ro\/"},{"@type":"ListItem","position":2,"name":"Pachete","item":"https:\/\/ramadaoradea.ro\/ro\/pachete\/"},{"@type":"ListItem","position":3,"name":"GIFT CARD STEAK HUB"}]},{"@type":"WebSite","@id":"https:\/\/ramadaoradea.ro\/ro\/#website","url":"https:\/\/ramadaoradea.ro\/ro\/","name":"Ramada","description":"","potentialAction":[{"@type":"SearchAction","target":{"@type":"EntryPoint","urlTemplate":"https:\/\/ramadaoradea.ro\/ro\/?s={search_term_string}"},"query-input":"required name=search_term_string"}],"inLanguage":"ro-RO"}]}},"_links":{"self":[{"href":"https:\/\/ramadaoradea.ro\/ro\/wp-json\/wp\/v2\/product\/1877","targetHints":{"allow":["GET"]}}],"collection":[{"href":"https:\/\/ramadaoradea.ro\/ro\/wp-json\/wp\/v2\/product"}],"about":[{"href":"https:\/\/ramadaoradea.ro\/ro\/wp-json\/wp\/v2\/types\/product"}],"replies":[{"embeddable":true,"href":"https:\/\/ramadaoradea.ro\/ro\/wp-json\/wp\/v2\/comments?post=1877"}],"wp:featuredmedia":[{"embeddable":true,"href":"https:\/\/ramadaoradea.ro\/ro\/wp-json\/wp\/v2\/media\/2019"}],"wp:attachment":[{"href":"https:\/\/ramadaoradea.ro\/ro\/wp-json\/wp\/v2\/media?parent=1877"}],"wp:term":[{"taxonomy":"product_cat","embeddable":true,"href":"https:\/\/ramadaoradea.ro\/ro\/wp-json\/wp\/v2\/product_cat?post=1877"},{"taxonomy":"product_tag","embeddable":true,"href":"https:\/\/ramadaoradea.ro\/ro\/wp-json\/wp\/v2\/product_tag?post=1877"}],"curies":[{"name":"wp","href":"https:\/\/api.w.org\/{rel}","templated":true}]}}