{"id":3633,"date":"2026-03-18T17:48:49","date_gmt":"2026-03-18T17:48:49","guid":{"rendered":"https:\/\/ramadaoradea.ro\/?page_id=3633"},"modified":"2026-03-18T18:57:21","modified_gmt":"2026-03-18T18:57:21","slug":"experienta-ramada-by-wyndham-oradea","status":"publish","type":"page","link":"https:\/\/ramadaoradea.ro\/ro\/experienta-ramada-by-wyndham-oradea\/","title":{"rendered":"Experien\u021ba Ramada by Wyndham Oradea"},"content":{"rendered":"\n<p class=\"has-text-align-center has-text-color has-link-color has-small-font-size wp-elements-aecafd1f827f0e7bd5ce7bdc991ab577\" style=\"color:#3e4247\">La Ramada by Wyndham Oradea, fiecare \u0219edere este mai mult dec\u00e2t o simpl\u0103 rezervare \u2014 este \u00eenceputul unei experien\u021be create cu aten\u021bie la detalii, confort \u0219i ospitalitate autentic\u0103. Situat \u00eentr-un ora\u0219 plin de farmec, hotelul nostru \u00eembin\u0103 elegan\u021ba modern\u0103 cu atmosfera cald\u0103 \u0219i primitoare, oferind un cadru ideal at\u00e2t pentru c\u0103l\u0103toriile de afaceri, c\u00e2t \u0219i pentru momentele de relaxare.<\/p>\n\n\n\n<p class=\"has-text-align-center has-text-color has-link-color has-small-font-size wp-elements-f7d82b77a14ad462cbef87aca53df37a\" style=\"color:#3e4247\">Credem c\u0103 o experien\u021b\u0103 memorabil\u0103 \u00eenseamn\u0103 mai mult dec\u00e2t o camer\u0103 confortabil\u0103. \u00censeamn\u0103 servicii atente, oameni dedica\u021bi \u0219i acele detalii care transform\u0103 o \u0219edere obi\u0219nuit\u0103 \u00eentr-una cu adev\u0103rat special\u0103. Oaspe\u021bii no\u0219tri sunt invita\u021bi s\u0103 descopere mai mult dec\u00e2t confortul unui hotel premium, bucur\u00e2ndu-se de o experien\u021b\u0103 complet\u0103 prin serviciile noastre complementare. De la momente de relaxare la Riserva Wine Spa, la preparate savuroase la restaurantul Steak HUB \u0219i clipe de r\u0103sf\u0103\u021b la Riserva RoofTop, fiecare spa\u021biu contribuie la povestea unei \u0219ederi de neuitat.<\/p>\n\n\n\n<p class=\"has-text-align-center has-text-color has-link-color has-small-font-size wp-elements-5c37640ea77ab18012a6363be7ce4cfa\" style=\"color:#3e4247\">La Ramada by Wyndham Oradea, ospitalitatea \u00eenseamn\u0103 grij\u0103, profesionalism \u0219i dorin\u021ba sincer\u0103 de a oferi fiec\u0103rui oaspete o experien\u021b\u0103 echilibrat\u0103, elegant\u0103 \u0219i plin\u0103 de confort.<\/p>\n\n\n\n<div class=\"wp-block-cover is-light\"><img loading=\"lazy\" decoding=\"async\" width=\"1024\" height=\"683\" class=\"wp-block-cover__image-background wp-image-3637 size-large\" alt=\"roof top bar\" src=\"https:\/\/ramadaoradea.ro\/wp-content\/uploads\/2026\/03\/2025-06-05-Ramada-0027-1024x683.jpg\" data-object-fit=\"cover\" srcset=\"https:\/\/ramadaoradea.ro\/wp-content\/uploads\/2026\/03\/2025-06-05-Ramada-0027-1024x683.jpg 1024w, https:\/\/ramadaoradea.ro\/wp-content\/uploads\/2026\/03\/2025-06-05-Ramada-0027-300x200.jpg 300w, https:\/\/ramadaoradea.ro\/wp-content\/uploads\/2026\/03\/2025-06-05-Ramada-0027-768x512.jpg 768w, https:\/\/ramadaoradea.ro\/wp-content\/uploads\/2026\/03\/2025-06-05-Ramada-0027-1536x1024.jpg 1536w, https:\/\/ramadaoradea.ro\/wp-content\/uploads\/2026\/03\/2025-06-05-Ramada-0027-2048x1365.jpg 2048w, https:\/\/ramadaoradea.ro\/wp-content\/uploads\/2026\/03\/2025-06-05-Ramada-0027-18x12.jpg 18w, https:\/\/ramadaoradea.ro\/wp-content\/uploads\/2026\/03\/2025-06-05-Ramada-0027-1612x1075.jpg 1612w, https:\/\/ramadaoradea.ro\/wp-content\/uploads\/2026\/03\/2025-06-05-Ramada-0027-1116x744.jpg 1116w, https:\/\/ramadaoradea.ro\/wp-content\/uploads\/2026\/03\/2025-06-05-Ramada-0027-806x537.jpg 806w, https:\/\/ramadaoradea.ro\/wp-content\/uploads\/2026\/03\/2025-06-05-Ramada-0027-558x372.jpg 558w, https:\/\/ramadaoradea.ro\/wp-content\/uploads\/2026\/03\/2025-06-05-Ramada-0027-655x437.jpg 655w, https:\/\/ramadaoradea.ro\/wp-content\/uploads\/2026\/03\/2025-06-05-Ramada-0027-600x400.jpg 600w\" sizes=\"auto, (max-width: 1024px) 100vw, 1024px\" \/><span aria-hidden=\"true\" class=\"wp-block-cover__background has-background-dim\" style=\"background-color:#818480\"><\/span><div class=\"wp-block-cover__inner-container is-layout-constrained wp-block-cover-is-layout-constrained\">\n<p class=\"has-text-align-center has-text-color has-link-color has-large-font-size wp-elements-330b4c4417cdbbff6025e73559b11e9a\" style=\"color:#c9a15b\"><strong>POVESTEA NOASTR\u0102<\/strong><\/p>\n\n\n\n<h5 class=\"wp-block-heading has-text-align-center has-white-color has-text-color has-link-color has-medium-font-size wp-elements-6d6301f8feded11e63351a60769cbd8d\">Mai mult dec\u00e2t un hotel \u2014 o experien\u021b\u0103 creat\u0103 \u00een jurul confortului, elegan\u021bei \u0219i ospitalit\u0103\u021bii autentice.<\/h5>\n<\/div><\/div>\n\n\n\n<p class=\"has-text-align-center has-text-color has-link-color has-small-font-size wp-elements-da49fa9eb022dbbd4e85cce25b84905d\" style=\"color:#3e4247\">La Ramada by Wyndham Oradea, fiecare \u0219edere este mai mult dec\u00e2t o simpl\u0103 rezervare \u2014 este \u00eenceputul unei experien\u021be construite cu aten\u021bie la detalii \u0219i grij\u0103 pentru fiecare oaspete. Situat \u00eentr-un ora\u0219 plin de farmec, hotelul nostru \u00eembin\u0103 elegan\u021ba modern\u0103 cu o atmosfer\u0103 cald\u0103 \u0219i primitoare, oferind un cadru ideal at\u00e2t pentru c\u0103l\u0103toriile de afaceri, c\u00e2t \u0219i pentru momentele de relaxare.<\/p>\n\n\n\n<hr class=\"wp-block-separator aligncenter has-text-color has-alpha-channel-opacity has-background is-style-default\" style=\"background-color:#c9a15b;color:#c9a15b\"\/>\n\n\n\n<h2 class=\"wp-block-heading has-text-color has-link-color has-medium-font-size wp-elements-0d4db1a7577f652817493ffdc9f7f6b4\" style=\"color:#c9a15b\">Mai mult dec\u00e2t un hotel<\/h2>\n\n\n\n<div class=\"wp-block-columns is-layout-flex wp-container-core-columns-is-layout-9d6595d7 wp-block-columns-is-layout-flex\">\n<div class=\"wp-block-column is-layout-flow wp-block-column-is-layout-flow\">\n<p class=\"has-text-color has-link-color has-small-font-size wp-elements-f3ec544916566e90ca94631615d09e20\" style=\"color:#3e4247\">Credem c\u0103 o experien\u021b\u0103 memorabil\u0103 \u00eenseamn\u0103 mai mult dec\u00e2t o camer\u0103 confortabil\u0103. \u00censeamn\u0103 servicii atente, oameni dedica\u021bi \u0219i acele detalii care transform\u0103 o \u0219edere obi\u0219nuit\u0103 \u00eentr-una special\u0103.<\/p>\n\n\n\n<p class=\"has-text-color has-link-color has-small-font-size wp-elements-75caa353d47c2c2db1e448756d23247c\" style=\"color:#3e4247\">Fiecare spa\u021biu din hotel este g\u00e2ndit pentru a oferi echilibru \u00eentre func\u021bionalitate \u0219i relaxare.<\/p>\n<\/div>\n\n\n\n<div class=\"wp-block-column is-vertically-aligned-stretch is-layout-flow wp-block-column-is-layout-flow\">\n<figure class=\"wp-block-image size-large is-resized\"><img loading=\"lazy\" decoding=\"async\" width=\"820\" height=\"1024\" src=\"https:\/\/ramadaoradea.ro\/wp-content\/uploads\/2023\/06\/BD903C57-B308-4E76-9D82-C212D96D3D61-820x1024.jpg\" alt=\"\" class=\"wp-image-3183\" style=\"aspect-ratio:0.8007291666666667;object-fit:cover;width:255px;height:auto\" srcset=\"https:\/\/ramadaoradea.ro\/wp-content\/uploads\/2023\/06\/BD903C57-B308-4E76-9D82-C212D96D3D61-820x1024.jpg 820w, https:\/\/ramadaoradea.ro\/wp-content\/uploads\/2023\/06\/BD903C57-B308-4E76-9D82-C212D96D3D61-scaled-600x749.jpg 600w, https:\/\/ramadaoradea.ro\/wp-content\/uploads\/2023\/06\/BD903C57-B308-4E76-9D82-C212D96D3D61-240x300.jpg 240w, https:\/\/ramadaoradea.ro\/wp-content\/uploads\/2023\/06\/BD903C57-B308-4E76-9D82-C212D96D3D61-768x959.jpg 768w, https:\/\/ramadaoradea.ro\/wp-content\/uploads\/2023\/06\/BD903C57-B308-4E76-9D82-C212D96D3D61-1230x1536.jpg 1230w, https:\/\/ramadaoradea.ro\/wp-content\/uploads\/2023\/06\/BD903C57-B308-4E76-9D82-C212D96D3D61-1640x2048.jpg 1640w, https:\/\/ramadaoradea.ro\/wp-content\/uploads\/2023\/06\/BD903C57-B308-4E76-9D82-C212D96D3D61-10x12.jpg 10w, https:\/\/ramadaoradea.ro\/wp-content\/uploads\/2023\/06\/BD903C57-B308-4E76-9D82-C212D96D3D61-1612x2013.jpg 1612w, https:\/\/ramadaoradea.ro\/wp-content\/uploads\/2023\/06\/BD903C57-B308-4E76-9D82-C212D96D3D61-1116x1394.jpg 1116w, https:\/\/ramadaoradea.ro\/wp-content\/uploads\/2023\/06\/BD903C57-B308-4E76-9D82-C212D96D3D61-806x1006.jpg 806w, https:\/\/ramadaoradea.ro\/wp-content\/uploads\/2023\/06\/BD903C57-B308-4E76-9D82-C212D96D3D61-558x697.jpg 558w, https:\/\/ramadaoradea.ro\/wp-content\/uploads\/2023\/06\/BD903C57-B308-4E76-9D82-C212D96D3D61-655x818.jpg 655w\" sizes=\"auto, (max-width: 820px) 100vw, 820px\" \/><\/figure>\n<\/div>\n<\/div>\n\n\n\n<hr class=\"wp-block-separator aligncenter has-text-color has-alpha-channel-opacity has-background is-style-default\" style=\"background-color:#c9a15b;color:#c9a15b\"\/>\n\n\n\n<h2 class=\"wp-block-heading has-text-align-center has-text-color has-link-color has-medium-font-size wp-elements-3dbaaad5aeed01f3c28b4bf9cc316f1a\" style=\"color:#c9a15b\">Experien\u021be care completeaz\u0103 \u0219ederea ta<\/h2>\n\n\n\n<div class=\"wp-block-columns is-layout-flex wp-container-core-columns-is-layout-9d6595d7 wp-block-columns-is-layout-flex\">\n<div class=\"wp-block-column is-layout-flow wp-block-column-is-layout-flow\">\n<div class=\"wp-block-cover wp-duotone-unset-1\" style=\"min-height:70vh;aspect-ratio:unset;\"><img loading=\"lazy\" decoding=\"async\" width=\"2560\" height=\"1709\" class=\"wp-block-cover__image-background wp-image-3244 size-full\" alt=\"\" src=\"https:\/\/ramadaoradea.ro\/wp-content\/uploads\/2023\/10\/shutterstock_271878281-scaled.jpg\" data-object-fit=\"cover\" srcset=\"https:\/\/ramadaoradea.ro\/wp-content\/uploads\/2023\/10\/shutterstock_271878281-scaled.jpg 2560w, https:\/\/ramadaoradea.ro\/wp-content\/uploads\/2023\/10\/shutterstock_271878281-scaled-600x401.jpg 600w, https:\/\/ramadaoradea.ro\/wp-content\/uploads\/2023\/10\/shutterstock_271878281-300x200.jpg 300w, https:\/\/ramadaoradea.ro\/wp-content\/uploads\/2023\/10\/shutterstock_271878281-1024x684.jpg 1024w, https:\/\/ramadaoradea.ro\/wp-content\/uploads\/2023\/10\/shutterstock_271878281-768x513.jpg 768w, https:\/\/ramadaoradea.ro\/wp-content\/uploads\/2023\/10\/shutterstock_271878281-1536x1025.jpg 1536w, https:\/\/ramadaoradea.ro\/wp-content\/uploads\/2023\/10\/shutterstock_271878281-2048x1367.jpg 2048w, https:\/\/ramadaoradea.ro\/wp-content\/uploads\/2023\/10\/shutterstock_271878281-18x12.jpg 18w, https:\/\/ramadaoradea.ro\/wp-content\/uploads\/2023\/10\/shutterstock_271878281-1612x1076.jpg 1612w, https:\/\/ramadaoradea.ro\/wp-content\/uploads\/2023\/10\/shutterstock_271878281-1116x745.jpg 1116w, https:\/\/ramadaoradea.ro\/wp-content\/uploads\/2023\/10\/shutterstock_271878281-806x538.jpg 806w, https:\/\/ramadaoradea.ro\/wp-content\/uploads\/2023\/10\/shutterstock_271878281-558x372.jpg 558w, https:\/\/ramadaoradea.ro\/wp-content\/uploads\/2023\/10\/shutterstock_271878281-655x437.jpg 655w\" sizes=\"auto, (max-width: 2560px) 100vw, 2560px\" \/><span aria-hidden=\"true\" class=\"wp-block-cover__background has-background-dim-60 has-background-dim\"><\/span><div class=\"wp-block-cover__inner-container is-layout-flow wp-block-cover-is-layout-flow\">\n<p class=\"has-text-align-center has-medium-font-size\">RELAXARE  <br>descoper\u0103 momente de lini\u0219te \u0219i r\u0103sf\u0103\u021b la Riserva Wine Spa<\/p>\n<\/div><\/div>\n<\/div>\n\n\n\n<div class=\"wp-block-column is-layout-flow wp-block-column-is-layout-flow\">\n<div class=\"wp-block-cover wp-duotone-unset-2\" style=\"min-height:70vh;aspect-ratio:unset;\"><img loading=\"lazy\" decoding=\"async\" width=\"2050\" height=\"2560\" class=\"wp-block-cover__image-background wp-image-3117\" alt=\"\" src=\"https:\/\/ramadaoradea.ro\/wp-content\/uploads\/2023\/06\/IMG_9664-scaled.jpg\" data-object-fit=\"cover\" srcset=\"https:\/\/ramadaoradea.ro\/wp-content\/uploads\/2023\/06\/IMG_9664-scaled.jpg 2050w, https:\/\/ramadaoradea.ro\/wp-content\/uploads\/2023\/06\/IMG_9664-scaled-600x749.jpg 600w, https:\/\/ramadaoradea.ro\/wp-content\/uploads\/2023\/06\/IMG_9664-240x300.jpg 240w, https:\/\/ramadaoradea.ro\/wp-content\/uploads\/2023\/06\/IMG_9664-820x1024.jpg 820w, https:\/\/ramadaoradea.ro\/wp-content\/uploads\/2023\/06\/IMG_9664-768x959.jpg 768w, https:\/\/ramadaoradea.ro\/wp-content\/uploads\/2023\/06\/IMG_9664-1230x1536.jpg 1230w, https:\/\/ramadaoradea.ro\/wp-content\/uploads\/2023\/06\/IMG_9664-1640x2048.jpg 1640w, https:\/\/ramadaoradea.ro\/wp-content\/uploads\/2023\/06\/IMG_9664-10x12.jpg 10w, https:\/\/ramadaoradea.ro\/wp-content\/uploads\/2023\/06\/IMG_9664-1612x2013.jpg 1612w, https:\/\/ramadaoradea.ro\/wp-content\/uploads\/2023\/06\/IMG_9664-1116x1394.jpg 1116w, https:\/\/ramadaoradea.ro\/wp-content\/uploads\/2023\/06\/IMG_9664-806x1006.jpg 806w, https:\/\/ramadaoradea.ro\/wp-content\/uploads\/2023\/06\/IMG_9664-558x697.jpg 558w, https:\/\/ramadaoradea.ro\/wp-content\/uploads\/2023\/06\/IMG_9664-655x818.jpg 655w\" sizes=\"auto, (max-width: 2050px) 100vw, 2050px\" \/><span aria-hidden=\"true\" class=\"wp-block-cover__background has-background-dim-70 has-background-dim\"><\/span><div class=\"wp-block-cover__inner-container is-layout-flow wp-block-cover-is-layout-flow\">\n<p class=\"has-text-align-center has-medium-font-size\">GASTRONOMIE<br>savureaz\u0103 preparate rafinate \u00eentr-un ambient elegant la Steak HUB<\/p>\n<\/div><\/div>\n<\/div>\n\n\n\n<div class=\"wp-block-column is-layout-flow wp-block-column-is-layout-flow\">\n<div class=\"wp-block-cover has-medium-font-size wp-duotone-unset-3\" style=\"min-height:70vh;aspect-ratio:unset;\"><img loading=\"lazy\" decoding=\"async\" width=\"768\" height=\"1024\" class=\"wp-block-cover__image-background wp-image-3641 size-large\" alt=\"\" src=\"https:\/\/ramadaoradea.ro\/wp-content\/uploads\/2026\/03\/IMG_4573-768x1024.jpeg\" data-object-fit=\"cover\" srcset=\"https:\/\/ramadaoradea.ro\/wp-content\/uploads\/2026\/03\/IMG_4573-768x1024.jpeg 768w, https:\/\/ramadaoradea.ro\/wp-content\/uploads\/2026\/03\/IMG_4573-225x300.jpeg 225w, https:\/\/ramadaoradea.ro\/wp-content\/uploads\/2026\/03\/IMG_4573-1152x1536.jpeg 1152w, https:\/\/ramadaoradea.ro\/wp-content\/uploads\/2026\/03\/IMG_4573-1536x2048.jpeg 1536w, https:\/\/ramadaoradea.ro\/wp-content\/uploads\/2026\/03\/IMG_4573-9x12.jpeg 9w, https:\/\/ramadaoradea.ro\/wp-content\/uploads\/2026\/03\/IMG_4573-1612x2149.jpeg 1612w, https:\/\/ramadaoradea.ro\/wp-content\/uploads\/2026\/03\/IMG_4573-1116x1488.jpeg 1116w, https:\/\/ramadaoradea.ro\/wp-content\/uploads\/2026\/03\/IMG_4573-806x1075.jpeg 806w, https:\/\/ramadaoradea.ro\/wp-content\/uploads\/2026\/03\/IMG_4573-558x744.jpeg 558w, https:\/\/ramadaoradea.ro\/wp-content\/uploads\/2026\/03\/IMG_4573-655x873.jpeg 655w, https:\/\/ramadaoradea.ro\/wp-content\/uploads\/2026\/03\/IMG_4573-600x800.jpeg 600w, https:\/\/ramadaoradea.ro\/wp-content\/uploads\/2026\/03\/IMG_4573-scaled.jpeg 1920w\" sizes=\"auto, (max-width: 768px) 100vw, 768px\" \/><span aria-hidden=\"true\" class=\"wp-block-cover__background has-background-dim-60 has-background-dim\" style=\"background-color:#777572\"><\/span><div class=\"wp-block-cover__inner-container is-layout-flow wp-block-cover-is-layout-flow\">\n<p class=\"has-text-align-center has-white-color has-text-color has-link-color has-medium-font-size wp-elements-b255248ad4a568527bbaa9e9c86dacf5\">ATMOSFER\u0102<br>bucur\u0103-te de priveli\u0219ti \u0219i momente speciale la Riserva RoofTop<\/p>\n<\/div><\/div>\n<\/div>\n<\/div>\n\n\n\n<hr class=\"wp-block-separator aligncenter has-text-color has-alpha-channel-opacity has-background is-style-default\" style=\"background-color:#c9a15b;color:#c9a15b\"\/>\n\n\n\n<h2 class=\"wp-block-heading has-text-align-center has-text-color has-link-color has-medium-font-size wp-elements-bb356d7be09b58765db76fada73a5e30\" style=\"color:#c9a15b\">Filosofia noastr\u0103<\/h2>\n\n\n\n<p class=\"has-text-color has-link-color has-small-font-size wp-elements-4c9d852691ee26e473982bbea9ba6546\" style=\"color:#3e4247\">Punem accent pe aten\u021bia la detalii, servicii personalizate \u0219i o abordare echilibrat\u0103 \u00eentre business \u0219i relaxare. Pentru noi, ospitalitatea \u00eenseamn\u0103 mai mult dec\u00e2t servicii \u2014 \u00eenseamn\u0103 conexiune, profesionalism \u0219i dorin\u021ba sincer\u0103 de a dep\u0103\u0219i a\u0219tept\u0103rile fiec\u0103rui oaspete. Te invit\u0103m s\u0103 descoperi experien\u021ba Ramada by Wyndham Oradea \u0219i s\u0103 te bucuri de fiecare moment al \u0219ederii tale.<\/p>\n\n\n\n<hr class=\"wp-block-separator aligncenter has-text-color has-alpha-channel-opacity has-background is-style-default\" style=\"background-color:#c9a15b;color:#c9a15b\"\/>\n\n\n\n<div class=\"wp-block-buttons is-content-justification-center is-layout-flex wp-container-core-buttons-is-layout-16018d1d wp-block-buttons-is-layout-flex\">\n<div class=\"wp-block-button has-custom-width wp-block-button__width-25 is-style-fill\"><a class=\"wp-block-button__link has-background has-small-font-size has-text-align-center has-custom-font-size wp-element-button\" href=\"tel:+40359403333\" style=\"border-top-left-radius:0px;border-top-right-radius:0px;border-bottom-left-radius:0px;border-bottom-right-radius:0px;background-color:#c9a15b\">SUN\u0102 ACUM<\/a><\/div>\n<\/div>\n\n\n\n<p><\/p>\n","protected":false},"excerpt":{"rendered":"<p>La Ramada by Wyndham Oradea, fiecare \u0219edere este mai mult dec\u00e2t o simpl\u0103 rezervare \u2014 este \u00eenceputul unei experien\u021be create cu aten\u021bie la detalii, confort \u0219i ospitalitate autentic\u0103. Situat \u00eentr-un ora\u0219 plin de farmec, hotelul nostru \u00eembin\u0103 elegan\u021ba modern\u0103 cu atmosfera cald\u0103 \u0219i primitoare, oferind un cadru ideal at\u00e2t pentru c\u0103l\u0103toriile de afaceri, c\u00e2t \u0219i&hellip;<\/p>\n","protected":false},"author":1,"featured_media":0,"parent":0,"menu_order":0,"comment_status":"closed","ping_status":"closed","template":"","meta":{"footnotes":""},"class_list":["post-3633","page","type-page","status-publish","hentry"],"acf":[],"yoast_head":"<!-- This site is optimized with the Yoast SEO plugin v20.1 - https:\/\/yoast.com\/wordpress\/plugins\/seo\/ -->\n<title>Experien\u021ba Ramada by Wyndham Oradea - Ramada<\/title>\n<meta name=\"robots\" content=\"index, follow, max-snippet:-1, max-image-preview:large, max-video-preview:-1\" \/>\n<link rel=\"canonical\" href=\"https:\/\/ramadaoradea.ro\/ro\/experienta-ramada-by-wyndham-oradea\/\" \/>\n<meta property=\"og:locale\" content=\"ro_RO\" \/>\n<meta property=\"og:type\" content=\"article\" \/>\n<meta property=\"og:title\" content=\"Experien\u021ba Ramada by Wyndham Oradea - Ramada\" \/>\n<meta property=\"og:description\" content=\"La Ramada by Wyndham Oradea, fiecare \u0219edere este mai mult dec\u00e2t o simpl\u0103 rezervare \u2014 este \u00eenceputul unei experien\u021be create cu aten\u021bie la detalii, confort \u0219i ospitalitate autentic\u0103. Situat \u00eentr-un ora\u0219 plin de farmec, hotelul nostru \u00eembin\u0103 elegan\u021ba modern\u0103 cu atmosfera cald\u0103 \u0219i primitoare, oferind un cadru ideal at\u00e2t pentru c\u0103l\u0103toriile de afaceri, c\u00e2t \u0219i&hellip;\" \/>\n<meta property=\"og:url\" content=\"https:\/\/ramadaoradea.ro\/ro\/experienta-ramada-by-wyndham-oradea\/\" \/>\n<meta property=\"og:site_name\" content=\"Ramada\" \/>\n<meta property=\"article:modified_time\" content=\"2026-03-18T18:57:21+00:00\" \/>\n<meta property=\"og:image\" content=\"https:\/\/ramadaoradea.ro\/wp-content\/uploads\/2026\/03\/2025-06-05-Ramada-0027-1024x683.jpg\" \/>\n<meta name=\"twitter:card\" content=\"summary_large_image\" \/>\n<meta name=\"twitter:label1\" content=\"Timp estimat pentru citire\" \/>\n\t<meta name=\"twitter:data1\" content=\"4 minute\" \/>\n<script type=\"application\/ld+json\" class=\"yoast-schema-graph\">{\"@context\":\"https:\/\/schema.org\",\"@graph\":[{\"@type\":\"WebPage\",\"@id\":\"https:\/\/ramadaoradea.ro\/experienta-ramada-by-wyndham-oradea\/\",\"url\":\"https:\/\/ramadaoradea.ro\/experienta-ramada-by-wyndham-oradea\/\",\"name\":\"Experien\u021ba Ramada by Wyndham Oradea - Ramada\",\"isPartOf\":{\"@id\":\"https:\/\/ramadaoradea.ro\/ro\/#website\"},\"datePublished\":\"2026-03-18T17:48:49+00:00\",\"dateModified\":\"2026-03-18T18:57:21+00:00\",\"breadcrumb\":{\"@id\":\"https:\/\/ramadaoradea.ro\/experienta-ramada-by-wyndham-oradea\/#breadcrumb\"},\"inLanguage\":\"ro-RO\",\"potentialAction\":[{\"@type\":\"ReadAction\",\"target\":[\"https:\/\/ramadaoradea.ro\/experienta-ramada-by-wyndham-oradea\/\"]}]},{\"@type\":\"BreadcrumbList\",\"@id\":\"https:\/\/ramadaoradea.ro\/experienta-ramada-by-wyndham-oradea\/#breadcrumb\",\"itemListElement\":[{\"@type\":\"ListItem\",\"position\":1,\"name\":\"Home\",\"item\":\"https:\/\/ramadaoradea.ro\/\"},{\"@type\":\"ListItem\",\"position\":2,\"name\":\"Experien\u021ba Ramada by Wyndham Oradea\"}]},{\"@type\":\"WebSite\",\"@id\":\"https:\/\/ramadaoradea.ro\/ro\/#website\",\"url\":\"https:\/\/ramadaoradea.ro\/ro\/\",\"name\":\"Ramada\",\"description\":\"\",\"potentialAction\":[{\"@type\":\"SearchAction\",\"target\":{\"@type\":\"EntryPoint\",\"urlTemplate\":\"https:\/\/ramadaoradea.ro\/ro\/?s={search_term_string}\"},\"query-input\":\"required name=search_term_string\"}],\"inLanguage\":\"ro-RO\"}]}<\/script>\n<!-- \/ Yoast SEO plugin. -->","yoast_head_json":{"title":"Experien\u021ba Ramada by Wyndham Oradea - Ramada","robots":{"index":"index","follow":"follow","max-snippet":"max-snippet:-1","max-image-preview":"max-image-preview:large","max-video-preview":"max-video-preview:-1"},"canonical":"https:\/\/ramadaoradea.ro\/ro\/experienta-ramada-by-wyndham-oradea\/","og_locale":"ro_RO","og_type":"article","og_title":"Experien\u021ba Ramada by Wyndham Oradea - Ramada","og_description":"La Ramada by Wyndham Oradea, fiecare \u0219edere este mai mult dec\u00e2t o simpl\u0103 rezervare \u2014 este \u00eenceputul unei experien\u021be create cu aten\u021bie la detalii, confort \u0219i ospitalitate autentic\u0103. Situat \u00eentr-un ora\u0219 plin de farmec, hotelul nostru \u00eembin\u0103 elegan\u021ba modern\u0103 cu atmosfera cald\u0103 \u0219i primitoare, oferind un cadru ideal at\u00e2t pentru c\u0103l\u0103toriile de afaceri, c\u00e2t \u0219i&hellip;","og_url":"https:\/\/ramadaoradea.ro\/ro\/experienta-ramada-by-wyndham-oradea\/","og_site_name":"Ramada","article_modified_time":"2026-03-18T18:57:21+00:00","og_image":[{"url":"https:\/\/ramadaoradea.ro\/wp-content\/uploads\/2026\/03\/2025-06-05-Ramada-0027-1024x683.jpg"}],"twitter_card":"summary_large_image","twitter_misc":{"Timp estimat pentru citire":"4 minute"},"schema":{"@context":"https:\/\/schema.org","@graph":[{"@type":"WebPage","@id":"https:\/\/ramadaoradea.ro\/experienta-ramada-by-wyndham-oradea\/","url":"https:\/\/ramadaoradea.ro\/experienta-ramada-by-wyndham-oradea\/","name":"Experien\u021ba Ramada by Wyndham Oradea - Ramada","isPartOf":{"@id":"https:\/\/ramadaoradea.ro\/ro\/#website"},"datePublished":"2026-03-18T17:48:49+00:00","dateModified":"2026-03-18T18:57:21+00:00","breadcrumb":{"@id":"https:\/\/ramadaoradea.ro\/experienta-ramada-by-wyndham-oradea\/#breadcrumb"},"inLanguage":"ro-RO","potentialAction":[{"@type":"ReadAction","target":["https:\/\/ramadaoradea.ro\/experienta-ramada-by-wyndham-oradea\/"]}]},{"@type":"BreadcrumbList","@id":"https:\/\/ramadaoradea.ro\/experienta-ramada-by-wyndham-oradea\/#breadcrumb","itemListElement":[{"@type":"ListItem","position":1,"name":"Home","item":"https:\/\/ramadaoradea.ro\/"},{"@type":"ListItem","position":2,"name":"Experien\u021ba Ramada by Wyndham Oradea"}]},{"@type":"WebSite","@id":"https:\/\/ramadaoradea.ro\/ro\/#website","url":"https:\/\/ramadaoradea.ro\/ro\/","name":"Ramada","description":"","potentialAction":[{"@type":"SearchAction","target":{"@type":"EntryPoint","urlTemplate":"https:\/\/ramadaoradea.ro\/ro\/?s={search_term_string}"},"query-input":"required name=search_term_string"}],"inLanguage":"ro-RO"}]}},"_links":{"self":[{"href":"https:\/\/ramadaoradea.ro\/ro\/wp-json\/wp\/v2\/pages\/3633","targetHints":{"allow":["GET"]}}],"collection":[{"href":"https:\/\/ramadaoradea.ro\/ro\/wp-json\/wp\/v2\/pages"}],"about":[{"href":"https:\/\/ramadaoradea.ro\/ro\/wp-json\/wp\/v2\/types\/page"}],"author":[{"embeddable":true,"href":"https:\/\/ramadaoradea.ro\/ro\/wp-json\/wp\/v2\/users\/1"}],"replies":[{"embeddable":true,"href":"https:\/\/ramadaoradea.ro\/ro\/wp-json\/wp\/v2\/comments?post=3633"}],"version-history":[{"count":15,"href":"https:\/\/ramadaoradea.ro\/ro\/wp-json\/wp\/v2\/pages\/3633\/revisions"}],"predecessor-version":[{"id":3663,"href":"https:\/\/ramadaoradea.ro\/ro\/wp-json\/wp\/v2\/pages\/3633\/revisions\/3663"}],"wp:attachment":[{"href":"https:\/\/ramadaoradea.ro\/ro\/wp-json\/wp\/v2\/media?parent=3633"}],"curies":[{"name":"wp","href":"https:\/\/api.w.org\/{rel}","templated":true}]}}