{"id":1958,"date":"2023-02-17T07:44:15","date_gmt":"2023-02-17T07:44:15","guid":{"rendered":"https:\/\/ramada.11digits.eu\/?page_id=1958"},"modified":"2024-12-08T09:45:58","modified_gmt":"2024-12-08T09:45:58","slug":"servicii-hotel","status":"publish","type":"page","link":"https:\/\/ramadaoradea.ro\/ro\/servicii-hotel\/","title":{"rendered":"Servicii hotel"},"content":{"rendered":"<section class=\"wpb-content-wrapper\"><div class=\"vc-row-container container\"><div class=\"vc_row wpb_row vc_row-fluid\"><div class=\"wpb_column vc_column_container vc_col-sm-12\"><div class=\"vc_column-inner\"><div class=\"wpb_wrapper\">\n\t<div class=\"wpb_text_column wpb_content_element  post-formatting \" >\n\t\t<div class=\"wpb_wrapper\">\n\t\t\t<h1 style=\"text-align: left;\">Servicii hotel<\/h1>\n\n\t\t<\/div>\n\t<\/div>\n<\/div><\/div><\/div><\/div><\/div><div class=\"vc-row-container container\"><div class=\"vc_row wpb_row vc_row-fluid\"><div class=\"wpb_column vc_column_container vc_col-sm-6\"><div class=\"vc_column-inner\"><div class=\"wpb_wrapper\">\n\t<div class=\"wpb_text_column wpb_content_element  post-formatting \" >\n\t\t<div class=\"wpb_wrapper\">\n\t\t\t<p style=\"text-align: left;\"><a href=\"https:\/\/steakhubrestaurant.com\/\">Steak HUB &amp; MOON bar &#8211; restaurant, bar \u0219i teras\u0103 \u00een aer liber<\/a> &#8211; ap\u0103sa\u021bi aici pentru a v\u0103 redirec\u021biona c\u0103tre site-ul restaurantului<br \/>\n* steak-uri de vit\u0103 maturat\u0103, meniu gourmet, list\u0103 generoas\u0103 de vinuri \u0219i cocktailuri, specialit\u0103\u021bi cafea<br \/>\n* program:\u00a0 zilnic \u00eentre orele 11 am &#8211; 11 pm (pr\u00e2nz \u0219i cin\u0103, ultima comand\u0103 de m\u00e2ncare 10.30 pm)<br \/>\n* rezerv\u0103rile sunt recomandate<\/p>\n<p style=\"text-align: left;\"><a href=\"http:\/\/riserva.ro\/\">Riserva Wine Spa<\/a> &#8211; ap\u0103sa\u021bi aici pentru a v\u0103 redirec\u021biona c\u0103tre site-ul spa-ului<br \/>\n* camere masaj, camer\u0103 masaj \u00een tandem, saun\u0103 finlandez\u0103, saun\u0103 cu infraro\u0219u, , teras\u0103 \u00eensorit\u0103, camer\u0103 de relaxare salin\u0103,\u00a0 dou\u0103 jacuzzi exterioare cu ap\u0103 \u00eenc\u0103lzit\u0103 \u0219i vedere panoramic\u0103 asupra centrului vechi al ora\u0219ului<br \/>\n* program:\u00a0 zilnic \u00eentre orele 2 pm &#8211; 10 pm<\/p>\n<p><a href=\"http:\/\/riserva.ro\/\">Riserva Roof Top<\/a><br \/>\n* lounge \u0219i teras\u0103 cu vedere panoramic\u0103, servire m\u00e2ncare \u0219i b\u0103utur\u0103, bar<br \/>\n* program:\u00a0 zilnic \u00eentre orele 2 pm &#8211; 10 pm<\/p>\n<p><a href=\"http:\/\/riserva.ro\/\">Bubble Gym<\/a><br \/>\n* sal\u0103 de sport modern\u0103<br \/>\n* program:\u00a0 zilnic \u00eentre orele 6 am &#8211; 12 am<\/p>\n\n\t\t<\/div>\n\t<\/div>\n<\/div><\/div><\/div><div class=\"wpb_column vc_column_container vc_col-sm-6\"><div class=\"vc_column-inner\"><div class=\"wpb_wrapper\">\n\t<div  class=\"wpb_single_image wpb_content_element vc_align_left\">\n\t\t\n\t\t<figure class=\"wpb_wrapper vc_figure\">\n\t\t\t<div class=\"vc_single_image-wrapper   vc_box_border_grey\"><img loading=\"lazy\" decoding=\"async\" width=\"2560\" height=\"1714\" src=\"https:\/\/ramadaoradea.ro\/wp-content\/uploads\/2018\/03\/DSC_0198-scaled.jpg\" class=\"vc_single_image-img attachment-full\" alt=\"\" title=\"DSC_0198\" srcset=\"https:\/\/ramadaoradea.ro\/wp-content\/uploads\/2018\/03\/DSC_0198-scaled.jpg 2560w, https:\/\/ramadaoradea.ro\/wp-content\/uploads\/2018\/03\/DSC_0198-scaled-600x402.jpg 600w, https:\/\/ramadaoradea.ro\/wp-content\/uploads\/2018\/03\/DSC_0198-300x201.jpg 300w, https:\/\/ramadaoradea.ro\/wp-content\/uploads\/2018\/03\/DSC_0198-1024x685.jpg 1024w, https:\/\/ramadaoradea.ro\/wp-content\/uploads\/2018\/03\/DSC_0198-768x514.jpg 768w, https:\/\/ramadaoradea.ro\/wp-content\/uploads\/2018\/03\/DSC_0198-1536x1028.jpg 1536w, https:\/\/ramadaoradea.ro\/wp-content\/uploads\/2018\/03\/DSC_0198-2048x1371.jpg 2048w, https:\/\/ramadaoradea.ro\/wp-content\/uploads\/2018\/03\/DSC_0198-18x12.jpg 18w, https:\/\/ramadaoradea.ro\/wp-content\/uploads\/2018\/03\/DSC_0198-1612x1079.jpg 1612w, https:\/\/ramadaoradea.ro\/wp-content\/uploads\/2018\/03\/DSC_0198-1116x747.jpg 1116w, https:\/\/ramadaoradea.ro\/wp-content\/uploads\/2018\/03\/DSC_0198-806x540.jpg 806w, https:\/\/ramadaoradea.ro\/wp-content\/uploads\/2018\/03\/DSC_0198-558x374.jpg 558w, https:\/\/ramadaoradea.ro\/wp-content\/uploads\/2018\/03\/DSC_0198-655x438.jpg 655w\" sizes=\"auto, (max-width: 2560px) 100vw, 2560px\" \/><\/div>\n\t\t<\/figure>\n\t<\/div>\n<\/div><\/div><\/div><\/div><\/div><div class=\"vc-row-container container\"><div class=\"vc_row wpb_row vc_row-fluid\"><div class=\"wpb_column vc_column_container vc_col-sm-6\"><div class=\"vc_column-inner\"><div class=\"wpb_wrapper\">\n\t<div class=\"wpb_text_column wpb_content_element  post-formatting \" >\n\t\t<div class=\"wpb_wrapper\">\n\t\t\t<p>Mic dejun tip bufet interna\u021bional cald \u0219i rece<br \/>\n* program: luni &#8211; vineri 6.30 am &#8211; 10.30 am &amp; s\u00e2mb\u0103t\u0103 &#8211; duminic\u0103 7 am &#8211; 11 am<br \/>\n* dac\u0103 micul dejun nu este inclus \u00een tariful camerei poate fi achizi\u021bionat \u00een recep\u021bia hotelului<\/p>\n<p style=\"text-align: left;\">S\u0103li pentru evenimente private sau business, conferin\u021be sau \u00eent\u00e2lniri de afaceri<\/p>\n<p style=\"text-align: left;\">Servicii de catering<\/p>\n<p style=\"text-align: left;\">Wi-Fi gratuit, de mare vitez\u0103, \u00een toate camerele hotelului \u0219i \u00een spa\u021biile publice<\/p>\n<p style=\"text-align: left;\">Parcare generoas\u0103, supravegheat\u0103, pe proprietatea hotelului, inclusiv spa\u021bii pentru persoanele cu dizabilit\u0103\u021bi, sta\u021bie de \u00eenc\u0103rcare ma\u0219in\u0103 electric\u0103<br \/>\n* parcarea este gratuit\u0103 pentru oaspe\u021bii hotelului, nu se pot rezerva locuri de parcare<\/p>\n<p style=\"text-align: left;\">Zon\u0103 de fumat \u00een aer liber<\/p>\n\n\t\t<\/div>\n\t<\/div>\n<\/div><\/div><\/div><div class=\"wpb_column vc_column_container vc_col-sm-6\"><div class=\"vc_column-inner\"><div class=\"wpb_wrapper\">\n\t<div  class=\"wpb_single_image wpb_content_element vc_align_left\">\n\t\t\n\t\t<figure class=\"wpb_wrapper vc_figure\">\n\t\t\t<div class=\"vc_single_image-wrapper   vc_box_border_grey\"><img loading=\"lazy\" decoding=\"async\" width=\"2560\" height=\"1707\" src=\"https:\/\/ramadaoradea.ro\/wp-content\/uploads\/2018\/03\/23614_f1-scaled.jpg\" class=\"vc_single_image-img attachment-full\" alt=\"\" title=\"23614_f1\" srcset=\"https:\/\/ramadaoradea.ro\/wp-content\/uploads\/2018\/03\/23614_f1-scaled.jpg 2560w, https:\/\/ramadaoradea.ro\/wp-content\/uploads\/2018\/03\/23614_f1-scaled-600x400.jpg 600w, https:\/\/ramadaoradea.ro\/wp-content\/uploads\/2018\/03\/23614_f1-300x200.jpg 300w, https:\/\/ramadaoradea.ro\/wp-content\/uploads\/2018\/03\/23614_f1-1024x683.jpg 1024w, https:\/\/ramadaoradea.ro\/wp-content\/uploads\/2018\/03\/23614_f1-768x512.jpg 768w, https:\/\/ramadaoradea.ro\/wp-content\/uploads\/2018\/03\/23614_f1-1536x1024.jpg 1536w, https:\/\/ramadaoradea.ro\/wp-content\/uploads\/2018\/03\/23614_f1-2048x1365.jpg 2048w, https:\/\/ramadaoradea.ro\/wp-content\/uploads\/2018\/03\/23614_f1-18x12.jpg 18w, https:\/\/ramadaoradea.ro\/wp-content\/uploads\/2018\/03\/23614_f1-1612x1075.jpg 1612w, https:\/\/ramadaoradea.ro\/wp-content\/uploads\/2018\/03\/23614_f1-1116x744.jpg 1116w, https:\/\/ramadaoradea.ro\/wp-content\/uploads\/2018\/03\/23614_f1-806x537.jpg 806w, https:\/\/ramadaoradea.ro\/wp-content\/uploads\/2018\/03\/23614_f1-558x372.jpg 558w, https:\/\/ramadaoradea.ro\/wp-content\/uploads\/2018\/03\/23614_f1-655x437.jpg 655w\" sizes=\"auto, (max-width: 2560px) 100vw, 2560px\" \/><\/div>\n\t\t<\/figure>\n\t<\/div>\n<\/div><\/div><\/div><\/div><\/div><div class=\"vc-row-container container\"><div class=\"vc_row wpb_row vc_row-fluid\"><div class=\"wpb_column vc_column_container vc_col-sm-6\"><div class=\"vc_column-inner\"><div class=\"wpb_wrapper\">\n\t<div class=\"wpb_text_column wpb_content_element  post-formatting \" >\n\t\t<div class=\"wpb_wrapper\">\n\t\t\t<p style=\"text-align: left;\">Personal multilingv<\/p>\n<p style=\"text-align: left;\">ATM, depozit de bagaje<\/p>\n<p style=\"text-align: left;\">Servicii de sp\u0103l\u0103torie \u0219i cur\u0103\u021b\u0103torie<\/p>\n<p style=\"text-align: left;\">Menaj zilnic<\/p>\n<p style=\"text-align: left;\">Serviciu de trezire la cerere<\/p>\n<p style=\"text-align: left;\">P\u0103tu\u021b de copii sau pat suplimentar oferit la cerere, \u00een func\u021bie de disponibilitate<\/p>\n<p style=\"text-align: left;\">Transfer aeroport sau alte destina\u021bii &#8211; pe baz\u0103 de rezervare<\/p>\n<p style=\"text-align: left;\">* anumite servicii sunt oferite contra cost<\/p>\n<h5 style=\"text-align: left;\" align=\"center\">Pentru \u00eentreb\u0103ri sau detalii suplimentare nu ezita\u021bi s\u0103 ne contacta\u021bi<\/h5>\n<p style=\"text-align: left;\" align=\"center\"><a href=\"mailto:reservations@ramadaoradea.ro\">reservations@ramadaoradea.ro\u00a0\u00a0<\/a><br \/>\n<a href=\"tel:+40359403333\">+40 359 403 333<\/a><\/p>\n\n\t\t<\/div>\n\t<\/div>\n<\/div><\/div><\/div><div class=\"wpb_column vc_column_container vc_col-sm-6\"><div class=\"vc_column-inner\"><div class=\"wpb_wrapper\">\n\t<div  class=\"wpb_single_image wpb_content_element vc_align_left\">\n\t\t\n\t\t<figure class=\"wpb_wrapper vc_figure\">\n\t\t\t<div class=\"vc_single_image-wrapper   vc_box_border_grey\"><img loading=\"lazy\" decoding=\"async\" width=\"2560\" height=\"1707\" src=\"https:\/\/ramadaoradea.ro\/wp-content\/uploads\/2018\/03\/Riserva-magnum-tandem-room-scaled.jpg\" class=\"vc_single_image-img attachment-full\" alt=\"\" title=\"Riserva - magnum - tandem room\" srcset=\"https:\/\/ramadaoradea.ro\/wp-content\/uploads\/2018\/03\/Riserva-magnum-tandem-room-scaled.jpg 2560w, https:\/\/ramadaoradea.ro\/wp-content\/uploads\/2018\/03\/Riserva-magnum-tandem-room-scaled-600x400.jpg 600w, https:\/\/ramadaoradea.ro\/wp-content\/uploads\/2018\/03\/Riserva-magnum-tandem-room-300x200.jpg 300w, https:\/\/ramadaoradea.ro\/wp-content\/uploads\/2018\/03\/Riserva-magnum-tandem-room-1024x683.jpg 1024w, https:\/\/ramadaoradea.ro\/wp-content\/uploads\/2018\/03\/Riserva-magnum-tandem-room-768x512.jpg 768w, https:\/\/ramadaoradea.ro\/wp-content\/uploads\/2018\/03\/Riserva-magnum-tandem-room-1536x1024.jpg 1536w, https:\/\/ramadaoradea.ro\/wp-content\/uploads\/2018\/03\/Riserva-magnum-tandem-room-2048x1365.jpg 2048w, https:\/\/ramadaoradea.ro\/wp-content\/uploads\/2018\/03\/Riserva-magnum-tandem-room-18x12.jpg 18w, https:\/\/ramadaoradea.ro\/wp-content\/uploads\/2018\/03\/Riserva-magnum-tandem-room-1612x1075.jpg 1612w, https:\/\/ramadaoradea.ro\/wp-content\/uploads\/2018\/03\/Riserva-magnum-tandem-room-1116x744.jpg 1116w, https:\/\/ramadaoradea.ro\/wp-content\/uploads\/2018\/03\/Riserva-magnum-tandem-room-806x537.jpg 806w, https:\/\/ramadaoradea.ro\/wp-content\/uploads\/2018\/03\/Riserva-magnum-tandem-room-558x372.jpg 558w, https:\/\/ramadaoradea.ro\/wp-content\/uploads\/2018\/03\/Riserva-magnum-tandem-room-655x437.jpg 655w\" sizes=\"auto, (max-width: 2560px) 100vw, 2560px\" \/><\/div>\n\t\t<\/figure>\n\t<\/div>\n<\/div><\/div><\/div><\/div><\/div>\n<\/section>","protected":false},"excerpt":{"rendered":"Servicii hotel Steak HUB &amp; MOON bar - restaurant, bar \u0219i teras\u0103 \u00een aer liber - ap\u0103sa\u021bi aici pentru a v\u0103 redirec\u021biona c\u0103tre site-ul restaurantului * steak-uri de vit\u0103 maturat\u0103, meniu gourmet, list\u0103 generoas\u0103 de vinuri \u0219i cocktailuri, specialit\u0103\u021bi cafea * program:\u00a0 zilnic \u00eentre orele 11 am - 11 pm (pr\u00e2nz \u0219i cin\u0103, ultima comand\u0103&hellip;","protected":false},"author":1,"featured_media":0,"parent":0,"menu_order":0,"comment_status":"closed","ping_status":"closed","template":"","meta":{"footnotes":""},"class_list":["post-1958","page","type-page","status-publish","hentry"],"acf":[],"yoast_head":"<!-- This site is optimized with the Yoast SEO plugin v20.1 - https:\/\/yoast.com\/wordpress\/plugins\/seo\/ -->\n<title>Servicii hotel - Ramada<\/title>\n<meta name=\"robots\" content=\"index, follow, max-snippet:-1, max-image-preview:large, max-video-preview:-1\" \/>\n<link rel=\"canonical\" href=\"https:\/\/ramadaoradea.ro\/ro\/servicii-hotel\/\" \/>\n<meta property=\"og:locale\" content=\"ro_RO\" \/>\n<meta property=\"og:type\" content=\"article\" \/>\n<meta property=\"og:title\" content=\"Servicii hotel - Ramada\" \/>\n<meta property=\"og:url\" content=\"https:\/\/ramadaoradea.ro\/ro\/servicii-hotel\/\" \/>\n<meta property=\"og:site_name\" content=\"Ramada\" \/>\n<meta property=\"article:modified_time\" content=\"2024-12-08T09:45:58+00:00\" \/>\n<meta name=\"twitter:card\" content=\"summary_large_image\" \/>\n<meta name=\"twitter:label1\" content=\"Timp estimat pentru citire\" \/>\n\t<meta name=\"twitter:data1\" content=\"2 minute\" \/>\n<script type=\"application\/ld+json\" class=\"yoast-schema-graph\">{\"@context\":\"https:\/\/schema.org\",\"@graph\":[{\"@type\":\"WebPage\",\"@id\":\"https:\/\/ramadaoradea.ro\/ro\/servicii-hotel\/\",\"url\":\"https:\/\/ramadaoradea.ro\/ro\/servicii-hotel\/\",\"name\":\"Servicii hotel - Ramada\",\"isPartOf\":{\"@id\":\"https:\/\/ramadaoradea.ro\/ro\/#website\"},\"datePublished\":\"2023-02-17T07:44:15+00:00\",\"dateModified\":\"2024-12-08T09:45:58+00:00\",\"breadcrumb\":{\"@id\":\"https:\/\/ramadaoradea.ro\/ro\/servicii-hotel\/#breadcrumb\"},\"inLanguage\":\"ro-RO\",\"potentialAction\":[{\"@type\":\"ReadAction\",\"target\":[\"https:\/\/ramadaoradea.ro\/ro\/servicii-hotel\/\"]}]},{\"@type\":\"BreadcrumbList\",\"@id\":\"https:\/\/ramadaoradea.ro\/ro\/servicii-hotel\/#breadcrumb\",\"itemListElement\":[{\"@type\":\"ListItem\",\"position\":1,\"name\":\"Home\",\"item\":\"https:\/\/ramadaoradea.ro\/\"},{\"@type\":\"ListItem\",\"position\":2,\"name\":\"Servicii hotel\"}]},{\"@type\":\"WebSite\",\"@id\":\"https:\/\/ramadaoradea.ro\/ro\/#website\",\"url\":\"https:\/\/ramadaoradea.ro\/ro\/\",\"name\":\"Ramada\",\"description\":\"\",\"potentialAction\":[{\"@type\":\"SearchAction\",\"target\":{\"@type\":\"EntryPoint\",\"urlTemplate\":\"https:\/\/ramadaoradea.ro\/ro\/?s={search_term_string}\"},\"query-input\":\"required name=search_term_string\"}],\"inLanguage\":\"ro-RO\"}]}<\/script>\n<!-- \/ Yoast SEO plugin. -->","yoast_head_json":{"title":"Servicii hotel - Ramada","robots":{"index":"index","follow":"follow","max-snippet":"max-snippet:-1","max-image-preview":"max-image-preview:large","max-video-preview":"max-video-preview:-1"},"canonical":"https:\/\/ramadaoradea.ro\/ro\/servicii-hotel\/","og_locale":"ro_RO","og_type":"article","og_title":"Servicii hotel - Ramada","og_url":"https:\/\/ramadaoradea.ro\/ro\/servicii-hotel\/","og_site_name":"Ramada","article_modified_time":"2024-12-08T09:45:58+00:00","twitter_card":"summary_large_image","twitter_misc":{"Timp estimat pentru citire":"2 minute"},"schema":{"@context":"https:\/\/schema.org","@graph":[{"@type":"WebPage","@id":"https:\/\/ramadaoradea.ro\/ro\/servicii-hotel\/","url":"https:\/\/ramadaoradea.ro\/ro\/servicii-hotel\/","name":"Servicii hotel - Ramada","isPartOf":{"@id":"https:\/\/ramadaoradea.ro\/ro\/#website"},"datePublished":"2023-02-17T07:44:15+00:00","dateModified":"2024-12-08T09:45:58+00:00","breadcrumb":{"@id":"https:\/\/ramadaoradea.ro\/ro\/servicii-hotel\/#breadcrumb"},"inLanguage":"ro-RO","potentialAction":[{"@type":"ReadAction","target":["https:\/\/ramadaoradea.ro\/ro\/servicii-hotel\/"]}]},{"@type":"BreadcrumbList","@id":"https:\/\/ramadaoradea.ro\/ro\/servicii-hotel\/#breadcrumb","itemListElement":[{"@type":"ListItem","position":1,"name":"Home","item":"https:\/\/ramadaoradea.ro\/"},{"@type":"ListItem","position":2,"name":"Servicii hotel"}]},{"@type":"WebSite","@id":"https:\/\/ramadaoradea.ro\/ro\/#website","url":"https:\/\/ramadaoradea.ro\/ro\/","name":"Ramada","description":"","potentialAction":[{"@type":"SearchAction","target":{"@type":"EntryPoint","urlTemplate":"https:\/\/ramadaoradea.ro\/ro\/?s={search_term_string}"},"query-input":"required name=search_term_string"}],"inLanguage":"ro-RO"}]}},"_links":{"self":[{"href":"https:\/\/ramadaoradea.ro\/ro\/wp-json\/wp\/v2\/pages\/1958","targetHints":{"allow":["GET"]}}],"collection":[{"href":"https:\/\/ramadaoradea.ro\/ro\/wp-json\/wp\/v2\/pages"}],"about":[{"href":"https:\/\/ramadaoradea.ro\/ro\/wp-json\/wp\/v2\/types\/page"}],"author":[{"embeddable":true,"href":"https:\/\/ramadaoradea.ro\/ro\/wp-json\/wp\/v2\/users\/1"}],"replies":[{"embeddable":true,"href":"https:\/\/ramadaoradea.ro\/ro\/wp-json\/wp\/v2\/comments?post=1958"}],"version-history":[{"count":32,"href":"https:\/\/ramadaoradea.ro\/ro\/wp-json\/wp\/v2\/pages\/1958\/revisions"}],"predecessor-version":[{"id":3448,"href":"https:\/\/ramadaoradea.ro\/ro\/wp-json\/wp\/v2\/pages\/1958\/revisions\/3448"}],"wp:attachment":[{"href":"https:\/\/ramadaoradea.ro\/ro\/wp-json\/wp\/v2\/media?parent=1958"}],"curies":[{"name":"wp","href":"https:\/\/api.w.org\/{rel}","templated":true}]}}