{"id":1953,"date":"2023-02-17T07:42:24","date_gmt":"2023-02-17T07:42:24","guid":{"rendered":"https:\/\/ramada.11digits.eu\/?page_id=1953"},"modified":"2024-06-27T15:19:00","modified_gmt":"2024-06-27T15:19:00","slug":"politica-hotel","status":"publish","type":"page","link":"https:\/\/ramadaoradea.ro\/ro\/politica-hotel\/","title":{"rendered":"Politica hotelului"},"content":{"rendered":"<section class=\"wpb-content-wrapper\"><div class=\"vc-row-container container\"><div class=\"vc_row wpb_row vc_row-fluid\"><div class=\"wpb_column vc_column_container vc_col-sm-12\"><div class=\"vc_column-inner\"><div class=\"wpb_wrapper\">\n\t<div class=\"wpb_text_column wpb_content_element  post-formatting \" >\n\t\t<div class=\"wpb_wrapper\">\n\t\t\t<h1 style=\"text-align: left;\" align=\"center\">Politica hotelului<\/h1>\n\n\t\t<\/div>\n\t<\/div>\n<\/div><\/div><\/div><\/div><\/div><div class=\"vc-row-container container\"><div class=\"vc_row wpb_row vc_row-fluid\"><div class=\"wpb_column vc_column_container vc_col-sm-6\"><div class=\"vc_column-inner\"><div class=\"wpb_wrapper\">\n\t<div class=\"wpb_text_column wpb_content_element  post-formatting \" >\n\t\t<div class=\"wpb_wrapper\">\n\t\t\t<h5>Check-in<\/h5>\n<p>\u00eencep\u00e2nd cu ora 3 pm\u00a0 &#8211; v\u0103 rog s\u0103 ne comunica\u021bi ora aproximativ\u0103 de sosire<\/p>\n<h5 style=\"text-align: left;\" align=\"center\">Check-out<\/h5>\n<p>p\u00e2n\u0103 la ora 12 pr\u00e2nz \u00a0&#8211; v\u0103 rog s\u0103 comunica\u021bi \u00een avans personalului recep\u021biei dac\u0103 dori\u021bi s\u0103 preda\u021bi camera \u00eenainte de ora 6 am<\/p>\n<h5 style=\"text-align: left;\">Politica copii<\/h5>\n<p>0 &#8211; 2 ani &#8211; gratuit, p\u0103tu\u021b copii oferit la cerere, \u00een func\u021bie de disponibilitate<br \/>\n2 &#8211; 12 ani \u00a0&#8211; gratuit, \u00een acela\u0219i pat cu p\u0103rin\u021bii, f\u0103r\u0103 solicitare pat suplimentar<br \/>\n*\u00eentre 0-12 ani pentru rate cu mic dejun inclus se va taxa doar servirea acestuia &#8211; v\u0103 rug\u0103m s\u0103 solicita\u021bi informa\u021bii referitoare la taxa aferent\u0103<br \/>\npeste 12 ani &#8211; se aplic\u0103 regim de adult<\/p>\n<h5 style=\"text-align: left;\">Pat suplimentar<\/h5>\n<p>se poate instala doar \u00een anumite tipuri de camere, se ofer\u0103 la cerere, \u00een func\u021bie de disponibilitate &#8211; v\u0103 rug\u0103m s\u0103 solicita\u021bi informa\u021bii cu privire la taxele aferente<\/p>\n\n\t\t<\/div>\n\t<\/div>\n<\/div><\/div><\/div><div class=\"wpb_column vc_column_container vc_col-sm-6\"><div class=\"vc_column-inner\"><div class=\"wpb_wrapper\">\n\t<div  class=\"wpb_single_image wpb_content_element vc_align_left\">\n\t\t\n\t\t<figure class=\"wpb_wrapper vc_figure\">\n\t\t\t<div class=\"vc_single_image-wrapper   vc_box_border_grey\"><img loading=\"lazy\" decoding=\"async\" width=\"2560\" height=\"1707\" src=\"https:\/\/ramadaoradea.ro\/wp-content\/uploads\/2018\/03\/23614_b1-scaled.jpg\" class=\"vc_single_image-img attachment-full\" alt=\"\" title=\"23614_b1\" srcset=\"https:\/\/ramadaoradea.ro\/wp-content\/uploads\/2018\/03\/23614_b1-scaled.jpg 2560w, https:\/\/ramadaoradea.ro\/wp-content\/uploads\/2018\/03\/23614_b1-scaled-600x400.jpg 600w, https:\/\/ramadaoradea.ro\/wp-content\/uploads\/2018\/03\/23614_b1-300x200.jpg 300w, https:\/\/ramadaoradea.ro\/wp-content\/uploads\/2018\/03\/23614_b1-1024x683.jpg 1024w, https:\/\/ramadaoradea.ro\/wp-content\/uploads\/2018\/03\/23614_b1-768x512.jpg 768w, https:\/\/ramadaoradea.ro\/wp-content\/uploads\/2018\/03\/23614_b1-1536x1024.jpg 1536w, https:\/\/ramadaoradea.ro\/wp-content\/uploads\/2018\/03\/23614_b1-2048x1365.jpg 2048w, https:\/\/ramadaoradea.ro\/wp-content\/uploads\/2018\/03\/23614_b1-18x12.jpg 18w, https:\/\/ramadaoradea.ro\/wp-content\/uploads\/2018\/03\/23614_b1-1612x1075.jpg 1612w, https:\/\/ramadaoradea.ro\/wp-content\/uploads\/2018\/03\/23614_b1-1116x744.jpg 1116w, https:\/\/ramadaoradea.ro\/wp-content\/uploads\/2018\/03\/23614_b1-806x537.jpg 806w, https:\/\/ramadaoradea.ro\/wp-content\/uploads\/2018\/03\/23614_b1-558x372.jpg 558w, https:\/\/ramadaoradea.ro\/wp-content\/uploads\/2018\/03\/23614_b1-655x437.jpg 655w\" sizes=\"auto, (max-width: 2560px) 100vw, 2560px\" \/><\/div>\n\t\t<\/figure>\n\t<\/div>\n<\/div><\/div><\/div><\/div><\/div><div class=\"vc-row-container container\"><div class=\"vc_row wpb_row vc_row-fluid\"><div class=\"wpb_column vc_column_container vc_col-sm-6\"><div class=\"vc_column-inner\"><div class=\"wpb_wrapper\">\n\t<div class=\"wpb_text_column wpb_content_element  post-formatting \" >\n\t\t<div class=\"wpb_wrapper\">\n\t\t\t<h5 style=\"text-align: left;\" align=\"center\">Politica de garantare<\/h5>\n<p style=\"text-align: left;\" align=\"center\">rezerv\u0103rile pot fi garantate pe baza unui unui card bancar valid &#8211; \u00een cazul rezerv\u0103rilor negarantate hotelul \u00ee\u0219i rezerv\u0103 dreptul de a elibera camerele \u00een func\u021bie de politica de anulare aferent\u0103 specificat\u0103 \u00een confirmarea rezerv\u0103rii, f\u0103r\u0103 o notificare prealabil\u0103<\/p>\n<h5 style=\"text-align: left;\" align=\"center\">Politica de anulare<\/h5>\n<p style=\"text-align: left;\" align=\"center\">difer\u0103 \u00een func\u021bie de tariful pentru care a\u021bi optat &#8211; v\u0103 rug\u0103m verifica\u021bi \u00een confirmarea rezerv\u0103rii data \/ ora p\u00e2n\u0103 la care camera poate fi anulat\u0103 f\u0103r\u0103 penalit\u0103\u021bi<br \/>\n*rezerv\u0103rile pentru care nu se furnizeaz\u0103 datele unui card bancar valid sau pentru care nu s-a f\u0103cut un depozit \u00een prealabil sunt considerate de c\u0103tre hotel negarantate \u0219i acesta \u00ee\u0219i rezerv\u0103 dreptul de a elibera camerele re\u021binute f\u0103r\u0103 o notificare prealabil\u0103<\/p>\n\n\t\t<\/div>\n\t<\/div>\n<\/div><\/div><\/div><div class=\"wpb_column vc_column_container vc_col-sm-6\"><div class=\"vc_column-inner\"><div class=\"wpb_wrapper\">\n\t<div  class=\"wpb_single_image wpb_content_element vc_align_left\">\n\t\t\n\t\t<figure class=\"wpb_wrapper vc_figure\">\n\t\t\t<div class=\"vc_single_image-wrapper   vc_box_border_grey\"><img loading=\"lazy\" decoding=\"async\" width=\"2560\" height=\"1707\" src=\"https:\/\/ramadaoradea.ro\/wp-content\/uploads\/2018\/03\/23614_b2-scaled.jpg\" class=\"vc_single_image-img attachment-full\" alt=\"\" title=\"23614_b2\" srcset=\"https:\/\/ramadaoradea.ro\/wp-content\/uploads\/2018\/03\/23614_b2-scaled.jpg 2560w, https:\/\/ramadaoradea.ro\/wp-content\/uploads\/2018\/03\/23614_b2-scaled-600x400.jpg 600w, https:\/\/ramadaoradea.ro\/wp-content\/uploads\/2018\/03\/23614_b2-300x200.jpg 300w, https:\/\/ramadaoradea.ro\/wp-content\/uploads\/2018\/03\/23614_b2-1024x683.jpg 1024w, https:\/\/ramadaoradea.ro\/wp-content\/uploads\/2018\/03\/23614_b2-768x512.jpg 768w, https:\/\/ramadaoradea.ro\/wp-content\/uploads\/2018\/03\/23614_b2-1536x1024.jpg 1536w, https:\/\/ramadaoradea.ro\/wp-content\/uploads\/2018\/03\/23614_b2-2048x1365.jpg 2048w, https:\/\/ramadaoradea.ro\/wp-content\/uploads\/2018\/03\/23614_b2-18x12.jpg 18w, https:\/\/ramadaoradea.ro\/wp-content\/uploads\/2018\/03\/23614_b2-1612x1075.jpg 1612w, https:\/\/ramadaoradea.ro\/wp-content\/uploads\/2018\/03\/23614_b2-1116x744.jpg 1116w, https:\/\/ramadaoradea.ro\/wp-content\/uploads\/2018\/03\/23614_b2-806x537.jpg 806w, https:\/\/ramadaoradea.ro\/wp-content\/uploads\/2018\/03\/23614_b2-558x372.jpg 558w, https:\/\/ramadaoradea.ro\/wp-content\/uploads\/2018\/03\/23614_b2-655x437.jpg 655w\" sizes=\"auto, (max-width: 2560px) 100vw, 2560px\" \/><\/div>\n\t\t<\/figure>\n\t<\/div>\n<\/div><\/div><\/div><\/div><\/div><div class=\"vc-row-container container\"><div class=\"vc_row wpb_row vc_row-fluid\"><div class=\"wpb_column vc_column_container vc_col-sm-6\"><div class=\"vc_column-inner\"><div class=\"wpb_wrapper\">\n\t<div class=\"wpb_text_column wpb_content_element  post-formatting \" >\n\t\t<div class=\"wpb_wrapper\">\n\t\t\t<h5 style=\"text-align: left;\">Early check-in &amp; late check &#8211; out<\/h5>\n<p style=\"text-align: left;\">se ofer\u0103 contracost, la cerere \u00een func\u021bie de disponibilitate &#8211; v\u0103 rug\u0103m s\u0103 solicita\u021bi informa\u021bii referitoare la taxa aferent\u0103 acestor servicii<\/p>\n<h5 style=\"text-align: left;\" align=\"center\">Express check &#8211; out<\/h5>\n<p style=\"text-align: left;\" align=\"center\">se ofer\u0103 la cerere, doar pentru pl\u0103\u021bile pe baz\u0103 de card bancar<\/p>\n<h5 style=\"text-align: left;\" align=\"center\">C\u0103r\u021bi bancare acceptate<\/h5>\n<p style=\"text-align: left;\" align=\"center\">Visa, Mastercard, American Express, Maestro<\/p>\n<h5 style=\"text-align: left;\" align=\"center\">Tichete vacan\u021b\u0103<\/h5>\n<p style=\"text-align: left;\" align=\"center\">se accept\u0103 plata pe baz\u0103 de tichete de vacan\u021b\u0103 &#8211;\u00a0v\u0103 rug\u0103m s\u0103 specifica\u021bi modalitatea de plat\u0103 cu tichete \u00een momentul rezerv\u0103rii sejurului<\/p>\n<h5 style=\"text-align: left;\" align=\"center\">Parcare<\/h5>\n<p style=\"text-align: left;\" align=\"center\">se ofer\u0103 oaspe\u021bilor \u00een mod gratuit, pe teritoriul hotelului &#8211; nu se pot realiza rezerv\u0103ri ale locurilor de parcare<\/p>\n\n\t\t<\/div>\n\t<\/div>\n<\/div><\/div><\/div><div class=\"wpb_column vc_column_container vc_col-sm-6\"><div class=\"vc_column-inner\"><div class=\"wpb_wrapper\">\n\t<div  class=\"wpb_single_image wpb_content_element vc_align_left\">\n\t\t\n\t\t<figure class=\"wpb_wrapper vc_figure\">\n\t\t\t<div class=\"vc_single_image-wrapper   vc_box_border_grey\"><img loading=\"lazy\" decoding=\"async\" width=\"1920\" height=\"630\" src=\"https:\/\/ramadaoradea.ro\/wp-content\/uploads\/2023\/02\/4.jpg\" class=\"vc_single_image-img attachment-full\" alt=\"\" title=\"4\" srcset=\"https:\/\/ramadaoradea.ro\/wp-content\/uploads\/2023\/02\/4.jpg 1920w, https:\/\/ramadaoradea.ro\/wp-content\/uploads\/2023\/02\/4-600x197.jpg 600w, https:\/\/ramadaoradea.ro\/wp-content\/uploads\/2023\/02\/4-300x98.jpg 300w, https:\/\/ramadaoradea.ro\/wp-content\/uploads\/2023\/02\/4-1024x336.jpg 1024w, https:\/\/ramadaoradea.ro\/wp-content\/uploads\/2023\/02\/4-768x252.jpg 768w, https:\/\/ramadaoradea.ro\/wp-content\/uploads\/2023\/02\/4-1536x504.jpg 1536w, https:\/\/ramadaoradea.ro\/wp-content\/uploads\/2023\/02\/4-18x6.jpg 18w, https:\/\/ramadaoradea.ro\/wp-content\/uploads\/2023\/02\/4-1612x529.jpg 1612w, https:\/\/ramadaoradea.ro\/wp-content\/uploads\/2023\/02\/4-1116x366.jpg 1116w, https:\/\/ramadaoradea.ro\/wp-content\/uploads\/2023\/02\/4-806x264.jpg 806w, https:\/\/ramadaoradea.ro\/wp-content\/uploads\/2023\/02\/4-558x183.jpg 558w, https:\/\/ramadaoradea.ro\/wp-content\/uploads\/2023\/02\/4-655x215.jpg 655w\" sizes=\"auto, (max-width: 1920px) 100vw, 1920px\" \/><\/div>\n\t\t<\/figure>\n\t<\/div>\n<\/div><\/div><\/div><\/div><\/div><div class=\"vc-row-container container\"><div class=\"vc_row wpb_row vc_row-fluid\"><div class=\"wpb_column vc_column_container vc_col-sm-6\"><div class=\"vc_column-inner\"><div class=\"wpb_wrapper\">\n\t<div class=\"wpb_text_column wpb_content_element  post-formatting \" >\n\t\t<div class=\"wpb_wrapper\">\n\t\t\t<h5 style=\"text-align: left;\" align=\"center\">Mic dejun<\/h5>\n<p style=\"text-align: left;\" align=\"center\">v\u0103 rug\u0103m s\u0103 verifica\u021bi \u00een confirmarea rezerv\u0103rii dac\u0103 tariful pentru care a\u021bi optat include micul dejun &#8211; \u00een cazul \u00een care micul dejun nu este inclus poate fi achizi\u021bionat \u00een recep\u021bia hotelului<\/p>\n<h5 style=\"text-align: left;\" align=\"center\">Acces Riserva RoofTop<\/h5>\n<p style=\"text-align: left;\" align=\"center\">cu excep\u021bia apartamentelor\/suitelor accesul nu este inclus \u00een tariful camerei, acesta poate fi achizi\u021bionat \u00een recep\u021bia spa-ului sau a hotelului<\/p>\n<h5 style=\"text-align: left;\" align=\"center\">Acces facilit\u0103\u021bi Riserva Wine Spa<\/h5>\n<p style=\"text-align: left;\" align=\"center\">cu excep\u021bia apartamentelor\/suitelor accesul nu este inclus \u00een tariful camerei, acesta poate fi achizi\u021bionat \u00een recep\u021bia spa-ului sau a hotelului<\/p>\n<h5 style=\"text-align: left;\" align=\"center\">Acces Bubble Gym<\/h5>\n<p style=\"text-align: left;\" align=\"center\">cu excep\u021bia camerelor Deluxe accesul este inclus \u00een tariful camerelor, pentru camerele Deluxe acesta poate fi achizi\u021bionat \u00een recep\u021bia hotelului<\/p>\n<h5 style=\"text-align: left;\" align=\"center\">Animale de companie<\/h5>\n<p style=\"text-align: left;\" align=\"center\">hotelul nu accept\u0103 animale de companie \u00a0&#8211; cu excep\u021bia animalelor utilitare &#8211; v\u0103 rug\u0103m s\u0103 solicita\u021bi informa\u021bii referitoare la taxa aplicabil\u0103 \u00een momentul rezerv\u0103rii<\/p>\n<h5 style=\"text-align: left;\" align=\"center\">Pentru \u00eentreb\u0103ri suplimentare, v\u0103 st\u0103m cu drag la dispozi\u021bie<\/h5>\n<p style=\"text-align: left;\" align=\"center\"><a href=\"mailto:reservations@ramadaoradea.ro\">reservations@ramadaoradea.ro\u00a0\u00a0<\/a><br \/>\n<a href=\"tel:+40359403333\">\u00a0+40 359 403 333<\/a><\/p>\n\n\t\t<\/div>\n\t<\/div>\n<\/div><\/div><\/div><div class=\"wpb_column vc_column_container vc_col-sm-6\"><div class=\"vc_column-inner\"><div class=\"wpb_wrapper\">\n\t<div  class=\"wpb_single_image wpb_content_element vc_align_left\">\n\t\t\n\t\t<figure class=\"wpb_wrapper vc_figure\">\n\t\t\t<div class=\"vc_single_image-wrapper   vc_box_border_grey\"><img loading=\"lazy\" decoding=\"async\" width=\"2560\" height=\"1707\" src=\"https:\/\/ramadaoradea.ro\/wp-content\/uploads\/2018\/03\/23614_e4-scaled.jpg\" class=\"vc_single_image-img attachment-full\" alt=\"\" title=\"23614_e4\" srcset=\"https:\/\/ramadaoradea.ro\/wp-content\/uploads\/2018\/03\/23614_e4-scaled.jpg 2560w, https:\/\/ramadaoradea.ro\/wp-content\/uploads\/2018\/03\/23614_e4-scaled-600x400.jpg 600w, https:\/\/ramadaoradea.ro\/wp-content\/uploads\/2018\/03\/23614_e4-300x200.jpg 300w, https:\/\/ramadaoradea.ro\/wp-content\/uploads\/2018\/03\/23614_e4-1024x683.jpg 1024w, https:\/\/ramadaoradea.ro\/wp-content\/uploads\/2018\/03\/23614_e4-768x512.jpg 768w, https:\/\/ramadaoradea.ro\/wp-content\/uploads\/2018\/03\/23614_e4-1536x1024.jpg 1536w, https:\/\/ramadaoradea.ro\/wp-content\/uploads\/2018\/03\/23614_e4-2048x1365.jpg 2048w, https:\/\/ramadaoradea.ro\/wp-content\/uploads\/2018\/03\/23614_e4-18x12.jpg 18w, https:\/\/ramadaoradea.ro\/wp-content\/uploads\/2018\/03\/23614_e4-1612x1075.jpg 1612w, https:\/\/ramadaoradea.ro\/wp-content\/uploads\/2018\/03\/23614_e4-1116x744.jpg 1116w, https:\/\/ramadaoradea.ro\/wp-content\/uploads\/2018\/03\/23614_e4-806x537.jpg 806w, https:\/\/ramadaoradea.ro\/wp-content\/uploads\/2018\/03\/23614_e4-558x372.jpg 558w, https:\/\/ramadaoradea.ro\/wp-content\/uploads\/2018\/03\/23614_e4-655x437.jpg 655w\" sizes=\"auto, (max-width: 2560px) 100vw, 2560px\" \/><\/div>\n\t\t<\/figure>\n\t<\/div>\n<\/div><\/div><\/div><\/div><\/div>\n<\/section>","protected":false},"excerpt":{"rendered":"Politica hotelului Check-in \u00eencep\u00e2nd cu ora 3 pm\u00a0 - v\u0103 rog s\u0103 ne comunica\u021bi ora aproximativ\u0103 de sosire Check-out p\u00e2n\u0103 la ora 12 pr\u00e2nz \u00a0- v\u0103 rog s\u0103 comunica\u021bi \u00een avans personalului recep\u021biei dac\u0103 dori\u021bi s\u0103 preda\u021bi camera \u00eenainte de ora 6 am Politica copii 0 - 2 ani - gratuit, p\u0103tu\u021b copii oferit la&hellip;","protected":false},"author":1,"featured_media":0,"parent":0,"menu_order":0,"comment_status":"closed","ping_status":"closed","template":"","meta":{"footnotes":""},"class_list":["post-1953","page","type-page","status-publish","hentry"],"acf":[],"yoast_head":"<!-- This site is optimized with the Yoast SEO plugin v20.1 - https:\/\/yoast.com\/wordpress\/plugins\/seo\/ -->\n<title>Politica hotelului - Ramada<\/title>\n<meta name=\"robots\" content=\"index, follow, max-snippet:-1, max-image-preview:large, max-video-preview:-1\" \/>\n<link rel=\"canonical\" href=\"https:\/\/ramadaoradea.ro\/ro\/politica-hotel\/\" \/>\n<meta property=\"og:locale\" content=\"ro_RO\" \/>\n<meta property=\"og:type\" content=\"article\" \/>\n<meta property=\"og:title\" content=\"Politica hotelului - Ramada\" \/>\n<meta property=\"og:url\" content=\"https:\/\/ramadaoradea.ro\/ro\/politica-hotel\/\" \/>\n<meta property=\"og:site_name\" content=\"Ramada\" \/>\n<meta property=\"article:modified_time\" content=\"2024-06-27T15:19:00+00:00\" \/>\n<meta name=\"twitter:card\" content=\"summary_large_image\" \/>\n<meta name=\"twitter:label1\" content=\"Timp estimat pentru citire\" \/>\n\t<meta name=\"twitter:data1\" content=\"3 minute\" \/>\n<script type=\"application\/ld+json\" class=\"yoast-schema-graph\">{\"@context\":\"https:\/\/schema.org\",\"@graph\":[{\"@type\":\"WebPage\",\"@id\":\"https:\/\/ramadaoradea.ro\/ro\/politica-hotel\/\",\"url\":\"https:\/\/ramadaoradea.ro\/ro\/politica-hotel\/\",\"name\":\"Politica hotelului - Ramada\",\"isPartOf\":{\"@id\":\"https:\/\/ramadaoradea.ro\/ro\/#website\"},\"datePublished\":\"2023-02-17T07:42:24+00:00\",\"dateModified\":\"2024-06-27T15:19:00+00:00\",\"breadcrumb\":{\"@id\":\"https:\/\/ramadaoradea.ro\/ro\/politica-hotel\/#breadcrumb\"},\"inLanguage\":\"ro-RO\",\"potentialAction\":[{\"@type\":\"ReadAction\",\"target\":[\"https:\/\/ramadaoradea.ro\/ro\/politica-hotel\/\"]}]},{\"@type\":\"BreadcrumbList\",\"@id\":\"https:\/\/ramadaoradea.ro\/ro\/politica-hotel\/#breadcrumb\",\"itemListElement\":[{\"@type\":\"ListItem\",\"position\":1,\"name\":\"Home\",\"item\":\"https:\/\/ramadaoradea.ro\/\"},{\"@type\":\"ListItem\",\"position\":2,\"name\":\"Politica hotelului\"}]},{\"@type\":\"WebSite\",\"@id\":\"https:\/\/ramadaoradea.ro\/ro\/#website\",\"url\":\"https:\/\/ramadaoradea.ro\/ro\/\",\"name\":\"Ramada\",\"description\":\"\",\"potentialAction\":[{\"@type\":\"SearchAction\",\"target\":{\"@type\":\"EntryPoint\",\"urlTemplate\":\"https:\/\/ramadaoradea.ro\/ro\/?s={search_term_string}\"},\"query-input\":\"required name=search_term_string\"}],\"inLanguage\":\"ro-RO\"}]}<\/script>\n<!-- \/ Yoast SEO plugin. -->","yoast_head_json":{"title":"Politica hotelului - Ramada","robots":{"index":"index","follow":"follow","max-snippet":"max-snippet:-1","max-image-preview":"max-image-preview:large","max-video-preview":"max-video-preview:-1"},"canonical":"https:\/\/ramadaoradea.ro\/ro\/politica-hotel\/","og_locale":"ro_RO","og_type":"article","og_title":"Politica hotelului - Ramada","og_url":"https:\/\/ramadaoradea.ro\/ro\/politica-hotel\/","og_site_name":"Ramada","article_modified_time":"2024-06-27T15:19:00+00:00","twitter_card":"summary_large_image","twitter_misc":{"Timp estimat pentru citire":"3 minute"},"schema":{"@context":"https:\/\/schema.org","@graph":[{"@type":"WebPage","@id":"https:\/\/ramadaoradea.ro\/ro\/politica-hotel\/","url":"https:\/\/ramadaoradea.ro\/ro\/politica-hotel\/","name":"Politica hotelului - Ramada","isPartOf":{"@id":"https:\/\/ramadaoradea.ro\/ro\/#website"},"datePublished":"2023-02-17T07:42:24+00:00","dateModified":"2024-06-27T15:19:00+00:00","breadcrumb":{"@id":"https:\/\/ramadaoradea.ro\/ro\/politica-hotel\/#breadcrumb"},"inLanguage":"ro-RO","potentialAction":[{"@type":"ReadAction","target":["https:\/\/ramadaoradea.ro\/ro\/politica-hotel\/"]}]},{"@type":"BreadcrumbList","@id":"https:\/\/ramadaoradea.ro\/ro\/politica-hotel\/#breadcrumb","itemListElement":[{"@type":"ListItem","position":1,"name":"Home","item":"https:\/\/ramadaoradea.ro\/"},{"@type":"ListItem","position":2,"name":"Politica hotelului"}]},{"@type":"WebSite","@id":"https:\/\/ramadaoradea.ro\/ro\/#website","url":"https:\/\/ramadaoradea.ro\/ro\/","name":"Ramada","description":"","potentialAction":[{"@type":"SearchAction","target":{"@type":"EntryPoint","urlTemplate":"https:\/\/ramadaoradea.ro\/ro\/?s={search_term_string}"},"query-input":"required name=search_term_string"}],"inLanguage":"ro-RO"}]}},"_links":{"self":[{"href":"https:\/\/ramadaoradea.ro\/ro\/wp-json\/wp\/v2\/pages\/1953","targetHints":{"allow":["GET"]}}],"collection":[{"href":"https:\/\/ramadaoradea.ro\/ro\/wp-json\/wp\/v2\/pages"}],"about":[{"href":"https:\/\/ramadaoradea.ro\/ro\/wp-json\/wp\/v2\/types\/page"}],"author":[{"embeddable":true,"href":"https:\/\/ramadaoradea.ro\/ro\/wp-json\/wp\/v2\/users\/1"}],"replies":[{"embeddable":true,"href":"https:\/\/ramadaoradea.ro\/ro\/wp-json\/wp\/v2\/comments?post=1953"}],"version-history":[{"count":47,"href":"https:\/\/ramadaoradea.ro\/ro\/wp-json\/wp\/v2\/pages\/1953\/revisions"}],"predecessor-version":[{"id":3377,"href":"https:\/\/ramadaoradea.ro\/ro\/wp-json\/wp\/v2\/pages\/1953\/revisions\/3377"}],"wp:attachment":[{"href":"https:\/\/ramadaoradea.ro\/ro\/wp-json\/wp\/v2\/media?parent=1953"}],"curies":[{"name":"wp","href":"https:\/\/api.w.org\/{rel}","templated":true}]}}