{"id":2320,"date":"2023-02-28T13:07:21","date_gmt":"2023-02-28T13:07:21","guid":{"rendered":"https:\/\/ramada.11digits.eu\/?post_type=product&#038;p=2320"},"modified":"2024-07-08T05:14:55","modified_gmt":"2024-07-08T05:14:55","slug":"steak-lovers-pachet-2-nopti","status":"publish","type":"product","link":"https:\/\/ramadaoradea.ro\/en\/product\/steak-lovers-pachet-2-nopti\/","title":{"rendered":"STEAK LOVERS pachet 2 nop\u021bi"},"content":{"rendered":"<p style=\"text-align: left;\" align=\"center\"><span style=\"color: #ff0000;\">The package includes:<br \/>\n<\/span>accommodation for 2 persons, 2 nights in a double room, breakfast and late check out till 16 hrs. included<br \/>\nAccess to the modern gym during the stay<br \/>\nParking on the hotel site<br \/>\nWi-Fi access in the rooms and all public areas of the hotel<br \/>\nO cin\u0103 gourmet cu recomandare de steak-uri maturate, servire cu apa inclus\u0103<\/p>\n<p style=\"text-align: left;\" align=\"center\"><span style=\"color: #ff0000;\">The hotel offers:<br \/>\n<\/span><a href=\"http:\/\/riserva.ro\/en\/frontpage-2\/\" target=\"_blank\" rel=\"noopener\">Riserva Wine Spa<\/a> - the first wine spa in Romania<br \/>\nRoof Top &amp; Lounge by Ramada &#8211; cu vedere panoramic\u0103 asupra centrului vechi al ora\u0219ului<br \/>\n<a href=\"https:\/\/steakhubrestaurant.com\/en\/\" target=\"_blank\" rel=\"noopener\">Steak HUB restaurant<\/a> \u2013 dry aged beef steaks, gourmet menu, a generous list of Romanian and international wines \u2013 wine room, MOON bar \u2013 a large selection of drinks and carefully crafted cocktails<br \/>\nPowerful Wi-Fi throughout the entire hotel's public areas<br \/>\nOutdoor smoking area<br \/>\nMultilingual staff<\/p>\n<p class=\"p1\"><span style=\"color: #ff0000;\">Oferta ora\u0219ului (valabil\u0103 \u00een perioada 01.02.2024-31.12.2024):<br \/>\n<\/span>During your stay, you can enjoy free access to OTL public transport (stations 2 minutes away), visit the tourist attractions owned by Oradea Heritage and the Museum of the Land of Cri\u0219, and receive discounted prices at APTOR Oradea's partner cafes and restaurants.<\/p>\n<p style=\"text-align: left;\" align=\"center\"><span style=\"color: #333333;\"><span style=\"color: #ff0000;\">For reservations please contact us at:\u00a0<a style=\"color: #ff0000;\" href=\"mailto:reservations@ramadaoradea.ro\">reservations@ramadaoradea.ro<\/a><\/span>\u00a0 \/ +40 359 403 333<\/span><\/p>\n<p>*oferta este valabil\u0103 pentru un sejur de 2 nop\u021bi, \u00een func\u021bie de disponibilitatea hotelului<br \/>\n*micul dejun, accesul gym \u0219i voucherul Steak HUB sunt incluse \u00een pre\u021bul pachetului<br \/>\n*holiday tickets payment accepted<br \/>\n*for spa treatments, bookings are highly recommended at\u00a0<a href=\"mailto:spa@ramadaoradea.ro\">spa@ramadaoradea.ro<\/a>\u00a0or +40 359 403 333.<br \/>\n*for the Nymphaea Aqua Park entrance, advance online ticket acquisition is highly recommended at\u00a0<a href=\"http:\/\/www.aquapark-nymphaea.ro\/\" target=\"_blank\" rel=\"noopener\">aquapark-nymphaea.ro<\/a><\/p>\n<p>For more benefits, enroll in our program for free\u00a0<a href=\"https:\/\/www.wyndhamhotels.com\/wyndham-rewards\" target=\"_blank\" rel=\"noopener\">WYNDHAM REWARDS - click here to enroll<\/a><\/p>","protected":false},"excerpt":{"rendered":"<p class=\"p1\">See package details below.<br \/>\nContact us directly and book the desired package. Attention<span class=\"Apple-converted-space\">\u00a0\u00a0<\/span>\u2013 payment can only be made after booking the product firmly and receiving confirmation of the reservation. To make the online payment safely guaranteed by Transylvania Bank please fill in the section -\u00a0<b>Price -\u00a0<\/b>the exact value of the product specified in the booking confirmation, click anywhere outside the box - &gt; add to the cart - &gt; see the cart and continue to fill in the required data. In the section -\u00a0<b>Order number<\/b>\u00a0\u2013 please specify the booking confirmation number to identify the payment. Thank you!<\/p>\n<p>\u200b<\/p>","protected":false},"featured_media":3357,"comment_status":"open","ping_status":"closed","template":"","meta":[],"product_cat":[55],"product_tag":[],"class_list":{"0":"post-2320","1":"product","2":"type-product","3":"status-publish","4":"has-post-thumbnail","5":"hentry","6":"product_cat-ramada","8":"catalog-layout-full-bg","9":"columns-xs-1","10":"cpw-product"},"acf":[],"yoast_head":"<!-- This site is optimized with the Yoast SEO plugin v20.1 - https:\/\/yoast.com\/wordpress\/plugins\/seo\/ -->\n<title>STEAK LOVERS pachet 2 nop\u021bi - Ramada<\/title>\n<meta name=\"description\" content=\"Pentru o experien\u021b\u0103 binemeritat\u0103 de relaxare \u0219i pentru a-\u021bi r\u0103spl\u0103ti \u00eencrederea pe care o ai atunci c\u00e2nd alegi serviciile Ramada by Wyndham Oradea, hotelul nostru \u021bi-a preg\u0103tit experien\u021be speciale. Acestea sunt oferite doar pe baz\u0103 de rezerv\u0103ri directe. \u00cen acest sens te invit\u0103m s\u0103 ne contactezi la reservations@ramadaoradea.ro sau +40 359 403 333. Te invit\u0103m s\u0103 alegi din oferta de mai jos, pachetul cel mai atractiv pentru tine!\" \/>\n<meta name=\"robots\" content=\"index, follow, max-snippet:-1, max-image-preview:large, max-video-preview:-1\" \/>\n<link rel=\"canonical\" href=\"https:\/\/ramadaoradea.ro\/en\/product\/steak-lovers-pachet-2-nopti\/\" \/>\n<meta property=\"og:locale\" content=\"en_US\" \/>\n<meta property=\"og:type\" content=\"article\" \/>\n<meta property=\"og:title\" content=\"rasfat-gourmet-pachet-2-nopti\" \/>\n<meta property=\"og:description\" content=\"Pentru o experien\u021b\u0103 binemeritat\u0103 de relaxare \u0219i pentru a-\u021bi r\u0103spl\u0103ti \u00eencrederea pe care o ai atunci c\u00e2nd alegi serviciile Ramada by Wyndham Oradea, hotelul nostru \u021bi-a preg\u0103tit experien\u021be speciale. Acestea sunt oferite doar pe baz\u0103 de rezerv\u0103ri directe. \u00cen acest sens te invit\u0103m s\u0103 ne contactezi la reservations@ramadaoradea.ro sau +40 359 403 333. Te invit\u0103m s\u0103 alegi din oferta de mai jos, pachetul cel mai atractiv pentru tine!\" \/>\n<meta property=\"og:url\" content=\"https:\/\/ramadaoradea.ro\/en\/product\/steak-lovers-pachet-2-nopti\/\" \/>\n<meta property=\"og:site_name\" content=\"Ramada\" \/>\n<meta property=\"article:modified_time\" content=\"2024-07-08T05:14:55+00:00\" \/>\n<meta name=\"twitter:card\" content=\"summary_large_image\" \/>\n<meta name=\"twitter:image\" content=\"https:\/\/ramadaoradea.ro\/wp-content\/uploads\/2023\/02\/poza-tablou.jpg\" \/>\n<meta name=\"twitter:label1\" content=\"Est. reading time\" \/>\n\t<meta name=\"twitter:data1\" content=\"2 minutes\" \/>\n<script type=\"application\/ld+json\" class=\"yoast-schema-graph\">{\"@context\":\"https:\/\/schema.org\",\"@graph\":[{\"@type\":\"WebPage\",\"@id\":\"https:\/\/ramadaoradea.ro\/ro\/product\/steak-lovers-pachet-2-nopti\/\",\"url\":\"https:\/\/ramadaoradea.ro\/ro\/product\/steak-lovers-pachet-2-nopti\/\",\"name\":\"STEAK LOVERS pachet 2 nop\u021bi - Ramada\",\"isPartOf\":{\"@id\":\"https:\/\/ramadaoradea.ro\/ro\/#website\"},\"datePublished\":\"2023-02-28T13:07:21+00:00\",\"dateModified\":\"2024-07-08T05:14:55+00:00\",\"description\":\"Pentru o experien\u021b\u0103 binemeritat\u0103 de relaxare \u0219i pentru a-\u021bi r\u0103spl\u0103ti \u00eencrederea pe care o ai atunci c\u00e2nd alegi serviciile Ramada by Wyndham Oradea, hotelul nostru \u021bi-a preg\u0103tit experien\u021be speciale. Acestea sunt oferite doar pe baz\u0103 de rezerv\u0103ri directe. \u00cen acest sens te invit\u0103m s\u0103 ne contactezi la reservations@ramadaoradea.ro sau +40 359 403 333. Te invit\u0103m s\u0103 alegi din oferta de mai jos, pachetul cel mai atractiv pentru tine!\",\"breadcrumb\":{\"@id\":\"https:\/\/ramadaoradea.ro\/ro\/product\/steak-lovers-pachet-2-nopti\/#breadcrumb\"},\"inLanguage\":\"en-US\",\"potentialAction\":[{\"@type\":\"ReadAction\",\"target\":[\"https:\/\/ramadaoradea.ro\/ro\/product\/steak-lovers-pachet-2-nopti\/\"]}]},{\"@type\":\"BreadcrumbList\",\"@id\":\"https:\/\/ramadaoradea.ro\/ro\/product\/steak-lovers-pachet-2-nopti\/#breadcrumb\",\"itemListElement\":[{\"@type\":\"ListItem\",\"position\":1,\"name\":\"Home\",\"item\":\"https:\/\/ramadaoradea.ro\/\"},{\"@type\":\"ListItem\",\"position\":2,\"name\":\"Pachete\",\"item\":\"https:\/\/ramadaoradea.ro\/ro\/pachete\/\"},{\"@type\":\"ListItem\",\"position\":3,\"name\":\"STEAK LOVERS pachet 2 nop\u021bi\"}]},{\"@type\":\"WebSite\",\"@id\":\"https:\/\/ramadaoradea.ro\/ro\/#website\",\"url\":\"https:\/\/ramadaoradea.ro\/ro\/\",\"name\":\"Ramada\",\"description\":\"\",\"potentialAction\":[{\"@type\":\"SearchAction\",\"target\":{\"@type\":\"EntryPoint\",\"urlTemplate\":\"https:\/\/ramadaoradea.ro\/ro\/?s={search_term_string}\"},\"query-input\":\"required name=search_term_string\"}],\"inLanguage\":\"en-US\"}]}<\/script>\n<!-- \/ Yoast SEO plugin. -->","yoast_head_json":{"title":"STEAK LOVERS pachet 2 nop\u021bi - Ramada","description":"Pentru o experien\u021b\u0103 binemeritat\u0103 de relaxare \u0219i pentru a-\u021bi r\u0103spl\u0103ti \u00eencrederea pe care o ai atunci c\u00e2nd alegi serviciile Ramada by Wyndham Oradea, hotelul nostru \u021bi-a preg\u0103tit experien\u021be speciale. Acestea sunt oferite doar pe baz\u0103 de rezerv\u0103ri directe. \u00cen acest sens te invit\u0103m s\u0103 ne contactezi la reservations@ramadaoradea.ro sau +40 359 403 333. Te invit\u0103m s\u0103 alegi din oferta de mai jos, pachetul cel mai atractiv pentru tine!","robots":{"index":"index","follow":"follow","max-snippet":"max-snippet:-1","max-image-preview":"max-image-preview:large","max-video-preview":"max-video-preview:-1"},"canonical":"https:\/\/ramadaoradea.ro\/en\/product\/steak-lovers-pachet-2-nopti\/","og_locale":"en_US","og_type":"article","og_title":"rasfat-gourmet-pachet-2-nopti","og_description":"Pentru o experien\u021b\u0103 binemeritat\u0103 de relaxare \u0219i pentru a-\u021bi r\u0103spl\u0103ti \u00eencrederea pe care o ai atunci c\u00e2nd alegi serviciile Ramada by Wyndham Oradea, hotelul nostru \u021bi-a preg\u0103tit experien\u021be speciale. Acestea sunt oferite doar pe baz\u0103 de rezerv\u0103ri directe. \u00cen acest sens te invit\u0103m s\u0103 ne contactezi la reservations@ramadaoradea.ro sau +40 359 403 333. Te invit\u0103m s\u0103 alegi din oferta de mai jos, pachetul cel mai atractiv pentru tine!","og_url":"https:\/\/ramadaoradea.ro\/en\/product\/steak-lovers-pachet-2-nopti\/","og_site_name":"Ramada","article_modified_time":"2024-07-08T05:14:55+00:00","twitter_card":"summary_large_image","twitter_image":"https:\/\/ramadaoradea.ro\/wp-content\/uploads\/2023\/02\/poza-tablou.jpg","twitter_misc":{"Est. reading time":"2 minutes"},"schema":{"@context":"https:\/\/schema.org","@graph":[{"@type":"WebPage","@id":"https:\/\/ramadaoradea.ro\/ro\/product\/steak-lovers-pachet-2-nopti\/","url":"https:\/\/ramadaoradea.ro\/ro\/product\/steak-lovers-pachet-2-nopti\/","name":"STEAK LOVERS pachet 2 nop\u021bi - Ramada","isPartOf":{"@id":"https:\/\/ramadaoradea.ro\/ro\/#website"},"datePublished":"2023-02-28T13:07:21+00:00","dateModified":"2024-07-08T05:14:55+00:00","description":"Pentru o experien\u021b\u0103 binemeritat\u0103 de relaxare \u0219i pentru a-\u021bi r\u0103spl\u0103ti \u00eencrederea pe care o ai atunci c\u00e2nd alegi serviciile Ramada by Wyndham Oradea, hotelul nostru \u021bi-a preg\u0103tit experien\u021be speciale. Acestea sunt oferite doar pe baz\u0103 de rezerv\u0103ri directe. \u00cen acest sens te invit\u0103m s\u0103 ne contactezi la reservations@ramadaoradea.ro sau +40 359 403 333. Te invit\u0103m s\u0103 alegi din oferta de mai jos, pachetul cel mai atractiv pentru tine!","breadcrumb":{"@id":"https:\/\/ramadaoradea.ro\/ro\/product\/steak-lovers-pachet-2-nopti\/#breadcrumb"},"inLanguage":"en-US","potentialAction":[{"@type":"ReadAction","target":["https:\/\/ramadaoradea.ro\/ro\/product\/steak-lovers-pachet-2-nopti\/"]}]},{"@type":"BreadcrumbList","@id":"https:\/\/ramadaoradea.ro\/ro\/product\/steak-lovers-pachet-2-nopti\/#breadcrumb","itemListElement":[{"@type":"ListItem","position":1,"name":"Home","item":"https:\/\/ramadaoradea.ro\/"},{"@type":"ListItem","position":2,"name":"Pachete","item":"https:\/\/ramadaoradea.ro\/ro\/pachete\/"},{"@type":"ListItem","position":3,"name":"STEAK LOVERS pachet 2 nop\u021bi"}]},{"@type":"WebSite","@id":"https:\/\/ramadaoradea.ro\/ro\/#website","url":"https:\/\/ramadaoradea.ro\/ro\/","name":"Ramada","description":"","potentialAction":[{"@type":"SearchAction","target":{"@type":"EntryPoint","urlTemplate":"https:\/\/ramadaoradea.ro\/ro\/?s={search_term_string}"},"query-input":"required name=search_term_string"}],"inLanguage":"en-US"}]}},"_links":{"self":[{"href":"https:\/\/ramadaoradea.ro\/en\/wp-json\/wp\/v2\/product\/2320","targetHints":{"allow":["GET"]}}],"collection":[{"href":"https:\/\/ramadaoradea.ro\/en\/wp-json\/wp\/v2\/product"}],"about":[{"href":"https:\/\/ramadaoradea.ro\/en\/wp-json\/wp\/v2\/types\/product"}],"replies":[{"embeddable":true,"href":"https:\/\/ramadaoradea.ro\/en\/wp-json\/wp\/v2\/comments?post=2320"}],"wp:featuredmedia":[{"embeddable":true,"href":"https:\/\/ramadaoradea.ro\/en\/wp-json\/wp\/v2\/media\/3357"}],"wp:attachment":[{"href":"https:\/\/ramadaoradea.ro\/en\/wp-json\/wp\/v2\/media?parent=2320"}],"wp:term":[{"taxonomy":"product_cat","embeddable":true,"href":"https:\/\/ramadaoradea.ro\/en\/wp-json\/wp\/v2\/product_cat?post=2320"},{"taxonomy":"product_tag","embeddable":true,"href":"https:\/\/ramadaoradea.ro\/en\/wp-json\/wp\/v2\/product_tag?post=2320"}],"curies":[{"name":"wp","href":"https:\/\/api.w.org\/{rel}","templated":true}]}}