{"id":2231,"date":"2023-02-21T10:55:29","date_gmt":"2023-02-21T10:55:29","guid":{"rendered":"https:\/\/ramada.11digits.eu\/?post_type=product&#038;p=2231"},"modified":"2025-04-13T18:33:32","modified_gmt":"2025-04-13T18:33:32","slug":"gift-card","status":"publish","type":"product","link":"https:\/\/ramadaoradea.ro\/en\/product\/gift-card\/","title":{"rendered":"GIFT CARD RISERVA WINE SPA"},"content":{"rendered":"<p>Out of love. Out of care. Out of respect. Out of sympathy. Out of desire to impress. Any reason you have to give joy to a loved one, Riserva Gift Card will be up to the occasion.<\/p>","protected":false},"excerpt":{"rendered":"<p class=\"p1\">See product details below.<br \/>\nContact us directly and book the product. Attention<span class=\"Apple-converted-space\">\u00a0\u00a0<\/span>\u2013 payment can only be made after booking the product firmly and receiving confirmation of the reservation. To make the online payment safely guaranteed by Transylvania Bank please fill in the section -\u00a0<b>Price -\u00a0<\/b>the exact value of the product specified in the booking confirmation, click anywhere outside the box - &gt; add to the cart - &gt; see the cart and continue to fill in the required data. In the section -\u00a0<b>Order number<\/b>\u00a0\u2013 please specify the booking confirmation number to identify the payment. Thank you!<\/p>","protected":false},"featured_media":2865,"comment_status":"open","ping_status":"closed","template":"","meta":[],"product_cat":[55],"product_tag":[],"class_list":{"0":"post-2231","1":"product","2":"type-product","3":"status-publish","4":"has-post-thumbnail","5":"hentry","6":"product_cat-ramada","8":"catalog-layout-full-bg","9":"columns-xs-1","10":"cpw-product"},"acf":[],"yoast_head":"<!-- This site is optimized with the Yoast SEO plugin v20.1 - https:\/\/yoast.com\/wordpress\/plugins\/seo\/ -->\n<title>GIFT CARD RISERVA WINE SPA - Ramada<\/title>\n<meta name=\"description\" content=\"Din dragoste. Din grij\u0103. Din respect. Din simpatie. Din dorin\u021ba de a impresiona. Orice motiv ai avea s\u0103 faci o bucurie cuiva drag, Riserva Gift Card va fi la \u00een\u0103l\u021bimea momentului.\" \/>\n<meta name=\"robots\" content=\"index, follow, max-snippet:-1, max-image-preview:large, max-video-preview:-1\" \/>\n<link rel=\"canonical\" href=\"https:\/\/ramadaoradea.ro\/en\/product\/gift-card\/\" \/>\n<meta property=\"og:locale\" content=\"en_US\" \/>\n<meta property=\"og:type\" content=\"article\" \/>\n<meta property=\"og:title\" content=\"gift card\" \/>\n<meta property=\"og:description\" content=\"Din dragoste. Din grij\u0103. Din respect. Din simpatie. Din dorin\u021ba de a impresiona. Orice motiv ai avea s\u0103 faci o bucurie cuiva drag, Riserva Gift Card va fi la \u00een\u0103l\u021bimea momentului.\" \/>\n<meta property=\"og:url\" content=\"https:\/\/ramadaoradea.ro\/en\/product\/gift-card\/\" \/>\n<meta property=\"og:site_name\" content=\"Ramada\" \/>\n<meta property=\"article:modified_time\" content=\"2025-04-13T18:33:32+00:00\" \/>\n<meta property=\"og:image\" content=\"https:\/\/ramadaoradea.ro\/wp-content\/uploads\/2023\/02\/giftcard_01-done.jpg\" \/>\n\t<meta property=\"og:image:width\" content=\"1920\" \/>\n\t<meta property=\"og:image:height\" content=\"1080\" \/>\n\t<meta property=\"og:image:type\" content=\"image\/jpeg\" \/>\n<meta name=\"twitter:card\" content=\"summary_large_image\" \/>\n<meta name=\"twitter:label1\" content=\"Est. reading time\" \/>\n\t<meta name=\"twitter:data1\" content=\"1 minute\" \/>\n<script type=\"application\/ld+json\" class=\"yoast-schema-graph\">{\"@context\":\"https:\/\/schema.org\",\"@graph\":[{\"@type\":\"WebPage\",\"@id\":\"https:\/\/ramadaoradea.ro\/ro\/product\/gift-card\/\",\"url\":\"https:\/\/ramadaoradea.ro\/ro\/product\/gift-card\/\",\"name\":\"GIFT CARD RISERVA WINE SPA - Ramada\",\"isPartOf\":{\"@id\":\"https:\/\/ramadaoradea.ro\/ro\/#website\"},\"datePublished\":\"2023-02-21T10:55:29+00:00\",\"dateModified\":\"2025-04-13T18:33:32+00:00\",\"description\":\"Din dragoste. Din grij\u0103. Din respect. Din simpatie. Din dorin\u021ba de a impresiona. Orice motiv ai avea s\u0103 faci o bucurie cuiva drag, Riserva Gift Card va fi la \u00een\u0103l\u021bimea momentului.\",\"breadcrumb\":{\"@id\":\"https:\/\/ramadaoradea.ro\/ro\/product\/gift-card\/#breadcrumb\"},\"inLanguage\":\"en-US\",\"potentialAction\":[{\"@type\":\"ReadAction\",\"target\":[\"https:\/\/ramadaoradea.ro\/ro\/product\/gift-card\/\"]}]},{\"@type\":\"BreadcrumbList\",\"@id\":\"https:\/\/ramadaoradea.ro\/ro\/product\/gift-card\/#breadcrumb\",\"itemListElement\":[{\"@type\":\"ListItem\",\"position\":1,\"name\":\"Home\",\"item\":\"https:\/\/ramadaoradea.ro\/\"},{\"@type\":\"ListItem\",\"position\":2,\"name\":\"Pachete\",\"item\":\"https:\/\/ramadaoradea.ro\/ro\/pachete\/\"},{\"@type\":\"ListItem\",\"position\":3,\"name\":\"GIFT CARD RISERVA WINE SPA\"}]},{\"@type\":\"WebSite\",\"@id\":\"https:\/\/ramadaoradea.ro\/ro\/#website\",\"url\":\"https:\/\/ramadaoradea.ro\/ro\/\",\"name\":\"Ramada\",\"description\":\"\",\"potentialAction\":[{\"@type\":\"SearchAction\",\"target\":{\"@type\":\"EntryPoint\",\"urlTemplate\":\"https:\/\/ramadaoradea.ro\/ro\/?s={search_term_string}\"},\"query-input\":\"required name=search_term_string\"}],\"inLanguage\":\"en-US\"}]}<\/script>\n<!-- \/ Yoast SEO plugin. -->","yoast_head_json":{"title":"GIFT CARD RISERVA WINE SPA - Ramada","description":"Din dragoste. Din grij\u0103. Din respect. Din simpatie. Din dorin\u021ba de a impresiona. Orice motiv ai avea s\u0103 faci o bucurie cuiva drag, Riserva Gift Card va fi la \u00een\u0103l\u021bimea momentului.","robots":{"index":"index","follow":"follow","max-snippet":"max-snippet:-1","max-image-preview":"max-image-preview:large","max-video-preview":"max-video-preview:-1"},"canonical":"https:\/\/ramadaoradea.ro\/en\/product\/gift-card\/","og_locale":"en_US","og_type":"article","og_title":"gift card","og_description":"Din dragoste. Din grij\u0103. Din respect. Din simpatie. Din dorin\u021ba de a impresiona. Orice motiv ai avea s\u0103 faci o bucurie cuiva drag, Riserva Gift Card va fi la \u00een\u0103l\u021bimea momentului.","og_url":"https:\/\/ramadaoradea.ro\/en\/product\/gift-card\/","og_site_name":"Ramada","article_modified_time":"2025-04-13T18:33:32+00:00","og_image":[{"width":1920,"height":1080,"url":"https:\/\/ramadaoradea.ro\/wp-content\/uploads\/2023\/02\/giftcard_01-done.jpg","type":"image\/jpeg"}],"twitter_card":"summary_large_image","twitter_misc":{"Est. reading time":"1 minute"},"schema":{"@context":"https:\/\/schema.org","@graph":[{"@type":"WebPage","@id":"https:\/\/ramadaoradea.ro\/ro\/product\/gift-card\/","url":"https:\/\/ramadaoradea.ro\/ro\/product\/gift-card\/","name":"GIFT CARD RISERVA WINE SPA - Ramada","isPartOf":{"@id":"https:\/\/ramadaoradea.ro\/ro\/#website"},"datePublished":"2023-02-21T10:55:29+00:00","dateModified":"2025-04-13T18:33:32+00:00","description":"Din dragoste. Din grij\u0103. Din respect. Din simpatie. Din dorin\u021ba de a impresiona. Orice motiv ai avea s\u0103 faci o bucurie cuiva drag, Riserva Gift Card va fi la \u00een\u0103l\u021bimea momentului.","breadcrumb":{"@id":"https:\/\/ramadaoradea.ro\/ro\/product\/gift-card\/#breadcrumb"},"inLanguage":"en-US","potentialAction":[{"@type":"ReadAction","target":["https:\/\/ramadaoradea.ro\/ro\/product\/gift-card\/"]}]},{"@type":"BreadcrumbList","@id":"https:\/\/ramadaoradea.ro\/ro\/product\/gift-card\/#breadcrumb","itemListElement":[{"@type":"ListItem","position":1,"name":"Home","item":"https:\/\/ramadaoradea.ro\/"},{"@type":"ListItem","position":2,"name":"Pachete","item":"https:\/\/ramadaoradea.ro\/ro\/pachete\/"},{"@type":"ListItem","position":3,"name":"GIFT CARD RISERVA WINE SPA"}]},{"@type":"WebSite","@id":"https:\/\/ramadaoradea.ro\/ro\/#website","url":"https:\/\/ramadaoradea.ro\/ro\/","name":"Ramada","description":"","potentialAction":[{"@type":"SearchAction","target":{"@type":"EntryPoint","urlTemplate":"https:\/\/ramadaoradea.ro\/ro\/?s={search_term_string}"},"query-input":"required name=search_term_string"}],"inLanguage":"en-US"}]}},"_links":{"self":[{"href":"https:\/\/ramadaoradea.ro\/en\/wp-json\/wp\/v2\/product\/2231","targetHints":{"allow":["GET"]}}],"collection":[{"href":"https:\/\/ramadaoradea.ro\/en\/wp-json\/wp\/v2\/product"}],"about":[{"href":"https:\/\/ramadaoradea.ro\/en\/wp-json\/wp\/v2\/types\/product"}],"replies":[{"embeddable":true,"href":"https:\/\/ramadaoradea.ro\/en\/wp-json\/wp\/v2\/comments?post=2231"}],"wp:featuredmedia":[{"embeddable":true,"href":"https:\/\/ramadaoradea.ro\/en\/wp-json\/wp\/v2\/media\/2865"}],"wp:attachment":[{"href":"https:\/\/ramadaoradea.ro\/en\/wp-json\/wp\/v2\/media?parent=2231"}],"wp:term":[{"taxonomy":"product_cat","embeddable":true,"href":"https:\/\/ramadaoradea.ro\/en\/wp-json\/wp\/v2\/product_cat?post=2231"},{"taxonomy":"product_tag","embeddable":true,"href":"https:\/\/ramadaoradea.ro\/en\/wp-json\/wp\/v2\/product_tag?post=2231"}],"curies":[{"name":"wp","href":"https:\/\/api.w.org\/{rel}","templated":true}]}}