{"id":1877,"date":"2023-02-07T12:22:23","date_gmt":"2023-02-07T12:22:23","guid":{"rendered":"http:\/\/ramada\/?post_type=product&#038;p=1877"},"modified":"2024-11-19T23:54:19","modified_gmt":"2024-11-19T23:54:19","slug":"gift-card-steak-hub","status":"publish","type":"product","link":"https:\/\/ramadaoradea.ro\/en\/product\/gift-card-steak-hub\/","title":{"rendered":"GIFT CARD STEAK HUB"},"content":{"rendered":"<p>Out of love. Out of care. Out of respect. Out of sympathy. Out of desire to impress. Any reason you have to give joy to a loved one, Steak HUB Gift Card will be up to the occasion.<\/p>\n<p>Voucher Usage Terms:<\/p>\n<p>The gift voucher is valid for a single use and exclusively at the Steak HUB location. If the consumption value exceeds the voucher's value, the difference can be paid either in cash or by card. If the consumption value is lower than the voucher's value, the difference will not be refunded. The voucher can be collected in physical form at the Steak HUB restaurant. We recommend booking your table in advance at +40 359 403 323 or <a href=\"mailto:reservations@steakhubrestaurant.com\">reservations@steakhubrestaurant.com<\/a>Thank you for choosing us!<\/p>\n<p>&nbsp;<\/p>","protected":false},"excerpt":{"rendered":"<p>If you would like to purchase a gift voucher for the Steak HUB restaurant online, please follow the detailed steps below. Additionally, you will find the voucher usage terms further down the page.<\/p>\n<p class=\"p1 translation-block\">To make an online payment securely, guaranteed by Banca Transilvania, please enter the value of the voucher in Lei in the \"Price\" section, click anywhere outside the box, then click \"Add to cart\" -&gt; \"View cart\" and proceed with filling in the required information to complete the payment. Thank you!<\/p>","protected":false},"featured_media":2019,"comment_status":"open","ping_status":"closed","template":"","meta":[],"product_cat":[55],"product_tag":[],"class_list":{"0":"post-1877","1":"product","2":"type-product","3":"status-publish","4":"has-post-thumbnail","5":"hentry","6":"product_cat-ramada","8":"catalog-layout-full-bg","9":"columns-xs-1","10":"cpw-product"},"acf":[],"yoast_head":"<!-- This site is optimized with the Yoast SEO plugin v20.1 - https:\/\/yoast.com\/wordpress\/plugins\/seo\/ -->\n<title>GIFT CARD STEAK HUB - Ramada<\/title>\n<meta name=\"description\" content=\"Din dragoste. Din grij\u0103. Din respect. Din simpatie. Din dorin\u021ba de a impresiona. Orice motiv ai avea s\u0103 faci o bucurie cuiva drag, Steak HUB Gift Card va fi la \u00een\u0103l\u021bimea momentului.\" \/>\n<meta name=\"robots\" content=\"index, follow, max-snippet:-1, max-image-preview:large, max-video-preview:-1\" \/>\n<link rel=\"canonical\" href=\"https:\/\/ramadaoradea.ro\/en\/product\/gift-card-steak-hub\/\" \/>\n<meta property=\"og:locale\" content=\"en_US\" \/>\n<meta property=\"og:type\" content=\"article\" \/>\n<meta property=\"og:title\" content=\"gift card\" \/>\n<meta property=\"og:description\" content=\"Din dragoste. Din grij\u0103. Din respect. Din simpatie. Din dorin\u021ba de a impresiona. Orice motiv ai avea s\u0103 faci o bucurie cuiva drag, Steak HUB Gift Card va fi la \u00een\u0103l\u021bimea momentului.\" \/>\n<meta property=\"og:url\" content=\"https:\/\/ramadaoradea.ro\/en\/product\/gift-card-steak-hub\/\" \/>\n<meta property=\"og:site_name\" content=\"Ramada\" \/>\n<meta property=\"article:modified_time\" content=\"2024-11-19T23:54:19+00:00\" \/>\n<meta property=\"og:image\" content=\"https:\/\/ramadaoradea.ro\/wp-content\/uploads\/2023\/02\/2021-10-09-Ramada-Steak-Hub-0137.jpg\" \/>\n\t<meta property=\"og:image:width\" content=\"804\" \/>\n\t<meta property=\"og:image:height\" content=\"765\" \/>\n\t<meta property=\"og:image:type\" content=\"image\/jpeg\" \/>\n<meta name=\"twitter:card\" content=\"summary_large_image\" \/>\n<meta name=\"twitter:label1\" content=\"Est. reading time\" \/>\n\t<meta name=\"twitter:data1\" content=\"1 minute\" \/>\n<script type=\"application\/ld+json\" class=\"yoast-schema-graph\">{\"@context\":\"https:\/\/schema.org\",\"@graph\":[{\"@type\":\"WebPage\",\"@id\":\"https:\/\/ramadaoradea.ro\/en\/product\/gift-card-steak-hub\/\",\"url\":\"https:\/\/ramadaoradea.ro\/en\/product\/gift-card-steak-hub\/\",\"name\":\"GIFT CARD STEAK HUB - Ramada\",\"isPartOf\":{\"@id\":\"https:\/\/ramadaoradea.ro\/ro\/#website\"},\"datePublished\":\"2023-02-07T12:22:23+00:00\",\"dateModified\":\"2024-11-19T23:54:19+00:00\",\"description\":\"Din dragoste. Din grij\u0103. Din respect. Din simpatie. Din dorin\u021ba de a impresiona. Orice motiv ai avea s\u0103 faci o bucurie cuiva drag, Steak HUB Gift Card va fi la \u00een\u0103l\u021bimea momentului.\",\"breadcrumb\":{\"@id\":\"https:\/\/ramadaoradea.ro\/en\/product\/gift-card-steak-hub\/#breadcrumb\"},\"inLanguage\":\"en-US\",\"potentialAction\":[{\"@type\":\"ReadAction\",\"target\":[\"https:\/\/ramadaoradea.ro\/en\/product\/gift-card-steak-hub\/\"]}]},{\"@type\":\"BreadcrumbList\",\"@id\":\"https:\/\/ramadaoradea.ro\/en\/product\/gift-card-steak-hub\/#breadcrumb\",\"itemListElement\":[{\"@type\":\"ListItem\",\"position\":1,\"name\":\"Home\",\"item\":\"https:\/\/ramadaoradea.ro\/\"},{\"@type\":\"ListItem\",\"position\":2,\"name\":\"Pachete\",\"item\":\"https:\/\/ramadaoradea.ro\/ro\/pachete\/\"},{\"@type\":\"ListItem\",\"position\":3,\"name\":\"GIFT CARD STEAK HUB\"}]},{\"@type\":\"WebSite\",\"@id\":\"https:\/\/ramadaoradea.ro\/ro\/#website\",\"url\":\"https:\/\/ramadaoradea.ro\/ro\/\",\"name\":\"Ramada\",\"description\":\"\",\"potentialAction\":[{\"@type\":\"SearchAction\",\"target\":{\"@type\":\"EntryPoint\",\"urlTemplate\":\"https:\/\/ramadaoradea.ro\/ro\/?s={search_term_string}\"},\"query-input\":\"required name=search_term_string\"}],\"inLanguage\":\"en-US\"}]}<\/script>\n<!-- \/ Yoast SEO plugin. -->","yoast_head_json":{"title":"GIFT CARD STEAK HUB - Ramada","description":"Din dragoste. Din grij\u0103. Din respect. Din simpatie. Din dorin\u021ba de a impresiona. Orice motiv ai avea s\u0103 faci o bucurie cuiva drag, Steak HUB Gift Card va fi la \u00een\u0103l\u021bimea momentului.","robots":{"index":"index","follow":"follow","max-snippet":"max-snippet:-1","max-image-preview":"max-image-preview:large","max-video-preview":"max-video-preview:-1"},"canonical":"https:\/\/ramadaoradea.ro\/en\/product\/gift-card-steak-hub\/","og_locale":"en_US","og_type":"article","og_title":"gift card","og_description":"Din dragoste. Din grij\u0103. Din respect. Din simpatie. Din dorin\u021ba de a impresiona. Orice motiv ai avea s\u0103 faci o bucurie cuiva drag, Steak HUB Gift Card va fi la \u00een\u0103l\u021bimea momentului.","og_url":"https:\/\/ramadaoradea.ro\/en\/product\/gift-card-steak-hub\/","og_site_name":"Ramada","article_modified_time":"2024-11-19T23:54:19+00:00","og_image":[{"width":804,"height":765,"url":"https:\/\/ramadaoradea.ro\/wp-content\/uploads\/2023\/02\/2021-10-09-Ramada-Steak-Hub-0137.jpg","type":"image\/jpeg"}],"twitter_card":"summary_large_image","twitter_misc":{"Est. reading time":"1 minute"},"schema":{"@context":"https:\/\/schema.org","@graph":[{"@type":"WebPage","@id":"https:\/\/ramadaoradea.ro\/en\/product\/gift-card-steak-hub\/","url":"https:\/\/ramadaoradea.ro\/en\/product\/gift-card-steak-hub\/","name":"GIFT CARD STEAK HUB - Ramada","isPartOf":{"@id":"https:\/\/ramadaoradea.ro\/ro\/#website"},"datePublished":"2023-02-07T12:22:23+00:00","dateModified":"2024-11-19T23:54:19+00:00","description":"Din dragoste. Din grij\u0103. Din respect. Din simpatie. Din dorin\u021ba de a impresiona. Orice motiv ai avea s\u0103 faci o bucurie cuiva drag, Steak HUB Gift Card va fi la \u00een\u0103l\u021bimea momentului.","breadcrumb":{"@id":"https:\/\/ramadaoradea.ro\/en\/product\/gift-card-steak-hub\/#breadcrumb"},"inLanguage":"en-US","potentialAction":[{"@type":"ReadAction","target":["https:\/\/ramadaoradea.ro\/en\/product\/gift-card-steak-hub\/"]}]},{"@type":"BreadcrumbList","@id":"https:\/\/ramadaoradea.ro\/en\/product\/gift-card-steak-hub\/#breadcrumb","itemListElement":[{"@type":"ListItem","position":1,"name":"Home","item":"https:\/\/ramadaoradea.ro\/"},{"@type":"ListItem","position":2,"name":"Pachete","item":"https:\/\/ramadaoradea.ro\/ro\/pachete\/"},{"@type":"ListItem","position":3,"name":"GIFT CARD STEAK HUB"}]},{"@type":"WebSite","@id":"https:\/\/ramadaoradea.ro\/ro\/#website","url":"https:\/\/ramadaoradea.ro\/ro\/","name":"Ramada","description":"","potentialAction":[{"@type":"SearchAction","target":{"@type":"EntryPoint","urlTemplate":"https:\/\/ramadaoradea.ro\/ro\/?s={search_term_string}"},"query-input":"required name=search_term_string"}],"inLanguage":"en-US"}]}},"_links":{"self":[{"href":"https:\/\/ramadaoradea.ro\/en\/wp-json\/wp\/v2\/product\/1877","targetHints":{"allow":["GET"]}}],"collection":[{"href":"https:\/\/ramadaoradea.ro\/en\/wp-json\/wp\/v2\/product"}],"about":[{"href":"https:\/\/ramadaoradea.ro\/en\/wp-json\/wp\/v2\/types\/product"}],"replies":[{"embeddable":true,"href":"https:\/\/ramadaoradea.ro\/en\/wp-json\/wp\/v2\/comments?post=1877"}],"wp:featuredmedia":[{"embeddable":true,"href":"https:\/\/ramadaoradea.ro\/en\/wp-json\/wp\/v2\/media\/2019"}],"wp:attachment":[{"href":"https:\/\/ramadaoradea.ro\/en\/wp-json\/wp\/v2\/media?parent=1877"}],"wp:term":[{"taxonomy":"product_cat","embeddable":true,"href":"https:\/\/ramadaoradea.ro\/en\/wp-json\/wp\/v2\/product_cat?post=1877"},{"taxonomy":"product_tag","embeddable":true,"href":"https:\/\/ramadaoradea.ro\/en\/wp-json\/wp\/v2\/product_tag?post=1877"}],"curies":[{"name":"wp","href":"https:\/\/api.w.org\/{rel}","templated":true}]}}