{"id":1953,"date":"2023-02-17T07:42:24","date_gmt":"2023-02-17T07:42:24","guid":{"rendered":"https:\/\/ramada.11digits.eu\/?page_id=1953"},"modified":"2024-06-27T15:19:00","modified_gmt":"2024-06-27T15:19:00","slug":"politica-hotel","status":"publish","type":"page","link":"https:\/\/ramadaoradea.ro\/en\/politica-hotel\/","title":{"rendered":"Hotel policies"},"content":{"rendered":"<section class=\"wpb-content-wrapper\"><div class=\"vc-row-container container\"><div class=\"vc_row wpb_row vc_row-fluid\"><div class=\"wpb_column vc_column_container vc_col-sm-12\"><div class=\"vc_column-inner\"><div class=\"wpb_wrapper\">\n\t<div class=\"wpb_text_column wpb_content_element  post-formatting\" >\n\t\t<div class=\"wpb_wrapper\">\n\t\t\t<h1 style=\"text-align: left;\" align=\"center\">Hotel policies<\/h1>\n\n\t\t<\/div>\n\t<\/div>\n<\/div><\/div><\/div><\/div><\/div><div class=\"vc-row-container container\"><div class=\"vc_row wpb_row vc_row-fluid\"><div class=\"wpb_column vc_column_container vc_col-sm-6\"><div class=\"vc_column-inner\"><div class=\"wpb_wrapper\">\n\t<div class=\"wpb_text_column wpb_content_element  post-formatting\" >\n\t\t<div class=\"wpb_wrapper\">\n\t\t\t<h5>Check-in<\/h5>\n<p>starting from 3:00 PM \u2013 please let us know your approximate arrival time<\/p>\n<h5 style=\"text-align: left;\" align=\"center\">Check-out<\/h5>\n<p>until 12 noon (please let us know if you wish to check-out before 6 am)<\/p>\n<h5 style=\"text-align: left;\">Children policy<\/h5>\n<p>0 - 2 years - free, baby crib on request, based on availability<br \/>\n2\u201312 years \u2013 free of charge when sharing the same bed with parents, without requesting an extra bed<br \/>\n*for children aged 0\u201312, in rates that include breakfast, only the breakfast will be charged \u2013 please request information regarding the applicable fee<br \/>\nover 12 years old \u2013 adult rates apply.<\/p>\n<h5 style=\"text-align: left;\">Extra bed<\/h5>\n<p>available only in certain room types, upon request and subject to availability \u2013 please inquire about the applicable fees<\/p>\n\n\t\t<\/div>\n\t<\/div>\n<\/div><\/div><\/div><div class=\"wpb_column vc_column_container vc_col-sm-6\"><div class=\"vc_column-inner\"><div class=\"wpb_wrapper\">\n\t<div  class=\"wpb_single_image wpb_content_element vc_align_left\">\n\t\t\n\t\t<figure class=\"wpb_wrapper vc_figure\">\n\t\t\t<div class=\"vc_single_image-wrapper   vc_box_border_grey\"><img loading=\"lazy\" decoding=\"async\" width=\"2560\" height=\"1707\" src=\"https:\/\/ramadaoradea.ro\/wp-content\/uploads\/2018\/03\/23614_b1-scaled.jpg\" class=\"vc_single_image-img attachment-full\" alt=\"\" title=\"23614_b1\" srcset=\"https:\/\/ramadaoradea.ro\/wp-content\/uploads\/2018\/03\/23614_b1-scaled.jpg 2560w, https:\/\/ramadaoradea.ro\/wp-content\/uploads\/2018\/03\/23614_b1-scaled-600x400.jpg 600w, https:\/\/ramadaoradea.ro\/wp-content\/uploads\/2018\/03\/23614_b1-300x200.jpg 300w, https:\/\/ramadaoradea.ro\/wp-content\/uploads\/2018\/03\/23614_b1-1024x683.jpg 1024w, https:\/\/ramadaoradea.ro\/wp-content\/uploads\/2018\/03\/23614_b1-768x512.jpg 768w, https:\/\/ramadaoradea.ro\/wp-content\/uploads\/2018\/03\/23614_b1-1536x1024.jpg 1536w, https:\/\/ramadaoradea.ro\/wp-content\/uploads\/2018\/03\/23614_b1-2048x1365.jpg 2048w, https:\/\/ramadaoradea.ro\/wp-content\/uploads\/2018\/03\/23614_b1-18x12.jpg 18w, https:\/\/ramadaoradea.ro\/wp-content\/uploads\/2018\/03\/23614_b1-1612x1075.jpg 1612w, https:\/\/ramadaoradea.ro\/wp-content\/uploads\/2018\/03\/23614_b1-1116x744.jpg 1116w, https:\/\/ramadaoradea.ro\/wp-content\/uploads\/2018\/03\/23614_b1-806x537.jpg 806w, https:\/\/ramadaoradea.ro\/wp-content\/uploads\/2018\/03\/23614_b1-558x372.jpg 558w, https:\/\/ramadaoradea.ro\/wp-content\/uploads\/2018\/03\/23614_b1-655x437.jpg 655w\" sizes=\"auto, (max-width: 2560px) 100vw, 2560px\" \/><\/div>\n\t\t<\/figure>\n\t<\/div>\n<\/div><\/div><\/div><\/div><\/div><div class=\"vc-row-container container\"><div class=\"vc_row wpb_row vc_row-fluid\"><div class=\"wpb_column vc_column_container vc_col-sm-6\"><div class=\"vc_column-inner\"><div class=\"wpb_wrapper\">\n\t<div class=\"wpb_text_column wpb_content_element  post-formatting\" >\n\t\t<div class=\"wpb_wrapper\">\n\t\t\t<h5 style=\"text-align: left;\" align=\"center\">Guarantee policy<\/h5>\n<p style=\"text-align: left;\" align=\"center\">reservations can be guaranteed with a valid credit card. For non-guaranteed reservations, the hotel reserves the right to release the rooms in accordance with the cancellation policy specified in the booking confirmation, without prior notice<\/p>\n<h5 style=\"text-align: left;\" align=\"center\">Cancellation Policy<\/h5>\n<p style=\"text-align: left;\" align=\"center\">this varies depending on the rate you have selected \u2013 please check your booking confirmation for the date \/ time until which the reservation can be cancelled free of charge<br \/>\n*reservations for which no valid credit card details are provided or no advance deposit is made are considered non-guaranteed, and the hotel reserves the right to release the held rooms without prior notice<\/p>\n\n\t\t<\/div>\n\t<\/div>\n<\/div><\/div><\/div><div class=\"wpb_column vc_column_container vc_col-sm-6\"><div class=\"vc_column-inner\"><div class=\"wpb_wrapper\">\n\t<div  class=\"wpb_single_image wpb_content_element vc_align_left\">\n\t\t\n\t\t<figure class=\"wpb_wrapper vc_figure\">\n\t\t\t<div class=\"vc_single_image-wrapper   vc_box_border_grey\"><img loading=\"lazy\" decoding=\"async\" width=\"2560\" height=\"1707\" src=\"https:\/\/ramadaoradea.ro\/wp-content\/uploads\/2018\/03\/23614_b2-scaled.jpg\" class=\"vc_single_image-img attachment-full\" alt=\"\" title=\"23614_b2\" srcset=\"https:\/\/ramadaoradea.ro\/wp-content\/uploads\/2018\/03\/23614_b2-scaled.jpg 2560w, https:\/\/ramadaoradea.ro\/wp-content\/uploads\/2018\/03\/23614_b2-scaled-600x400.jpg 600w, https:\/\/ramadaoradea.ro\/wp-content\/uploads\/2018\/03\/23614_b2-300x200.jpg 300w, https:\/\/ramadaoradea.ro\/wp-content\/uploads\/2018\/03\/23614_b2-1024x683.jpg 1024w, https:\/\/ramadaoradea.ro\/wp-content\/uploads\/2018\/03\/23614_b2-768x512.jpg 768w, https:\/\/ramadaoradea.ro\/wp-content\/uploads\/2018\/03\/23614_b2-1536x1024.jpg 1536w, https:\/\/ramadaoradea.ro\/wp-content\/uploads\/2018\/03\/23614_b2-2048x1365.jpg 2048w, https:\/\/ramadaoradea.ro\/wp-content\/uploads\/2018\/03\/23614_b2-18x12.jpg 18w, https:\/\/ramadaoradea.ro\/wp-content\/uploads\/2018\/03\/23614_b2-1612x1075.jpg 1612w, https:\/\/ramadaoradea.ro\/wp-content\/uploads\/2018\/03\/23614_b2-1116x744.jpg 1116w, https:\/\/ramadaoradea.ro\/wp-content\/uploads\/2018\/03\/23614_b2-806x537.jpg 806w, https:\/\/ramadaoradea.ro\/wp-content\/uploads\/2018\/03\/23614_b2-558x372.jpg 558w, https:\/\/ramadaoradea.ro\/wp-content\/uploads\/2018\/03\/23614_b2-655x437.jpg 655w\" sizes=\"auto, (max-width: 2560px) 100vw, 2560px\" \/><\/div>\n\t\t<\/figure>\n\t<\/div>\n<\/div><\/div><\/div><\/div><\/div><div class=\"vc-row-container container\"><div class=\"vc_row wpb_row vc_row-fluid\"><div class=\"wpb_column vc_column_container vc_col-sm-6\"><div class=\"vc_column-inner\"><div class=\"wpb_wrapper\">\n\t<div class=\"wpb_text_column wpb_content_element  post-formatting\" >\n\t\t<div class=\"wpb_wrapper\">\n\t\t\t<h5 style=\"text-align: left;\">Early check-in &amp; late check \u2013 out<\/h5>\n<p style=\"text-align: left;\">available for an additional charge, upon request and subject to availability \u2013 please inquire about the applicable fees for these services<\/p>\n<h5 style=\"text-align: left;\" align=\"center\">Express check-out\u00a0<\/h5>\n<p style=\"text-align: left;\" align=\"center\">offered upon request and approved only by bank card payments<\/p>\n<h5 style=\"text-align: left;\" align=\"center\">Accepted bank cards<\/h5>\n<p style=\"text-align: left;\" align=\"center\">Visa, MasterCard, American Express, Maestro<\/p>\n<h5 style=\"text-align: left;\" align=\"center\">Holiday tickets<\/h5>\n<p style=\"text-align: left;\" align=\"center\">holiday vouchers are accepted \u2013 please specify this payment method at the time of booking your stay<\/p>\n<h5 style=\"text-align: left;\" align=\"center\">Parking<\/h5>\n<p style=\"text-align: left;\" align=\"center\">complimentary for guests within the hotel premises \u2013 parking spaces cannot be reserved in advance<\/p>\n\n\t\t<\/div>\n\t<\/div>\n<\/div><\/div><\/div><div class=\"wpb_column vc_column_container vc_col-sm-6\"><div class=\"vc_column-inner\"><div class=\"wpb_wrapper\">\n\t<div  class=\"wpb_single_image wpb_content_element vc_align_left\">\n\t\t\n\t\t<figure class=\"wpb_wrapper vc_figure\">\n\t\t\t<div class=\"vc_single_image-wrapper   vc_box_border_grey\"><img loading=\"lazy\" decoding=\"async\" width=\"1920\" height=\"630\" src=\"https:\/\/ramadaoradea.ro\/wp-content\/uploads\/2023\/02\/4.jpg\" class=\"vc_single_image-img attachment-full\" alt=\"\" title=\"4\" srcset=\"https:\/\/ramadaoradea.ro\/wp-content\/uploads\/2023\/02\/4.jpg 1920w, https:\/\/ramadaoradea.ro\/wp-content\/uploads\/2023\/02\/4-600x197.jpg 600w, https:\/\/ramadaoradea.ro\/wp-content\/uploads\/2023\/02\/4-300x98.jpg 300w, https:\/\/ramadaoradea.ro\/wp-content\/uploads\/2023\/02\/4-1024x336.jpg 1024w, https:\/\/ramadaoradea.ro\/wp-content\/uploads\/2023\/02\/4-768x252.jpg 768w, https:\/\/ramadaoradea.ro\/wp-content\/uploads\/2023\/02\/4-1536x504.jpg 1536w, https:\/\/ramadaoradea.ro\/wp-content\/uploads\/2023\/02\/4-18x6.jpg 18w, https:\/\/ramadaoradea.ro\/wp-content\/uploads\/2023\/02\/4-1612x529.jpg 1612w, https:\/\/ramadaoradea.ro\/wp-content\/uploads\/2023\/02\/4-1116x366.jpg 1116w, https:\/\/ramadaoradea.ro\/wp-content\/uploads\/2023\/02\/4-806x264.jpg 806w, https:\/\/ramadaoradea.ro\/wp-content\/uploads\/2023\/02\/4-558x183.jpg 558w, https:\/\/ramadaoradea.ro\/wp-content\/uploads\/2023\/02\/4-655x215.jpg 655w\" sizes=\"auto, (max-width: 1920px) 100vw, 1920px\" \/><\/div>\n\t\t<\/figure>\n\t<\/div>\n<\/div><\/div><\/div><\/div><\/div><div class=\"vc-row-container container\"><div class=\"vc_row wpb_row vc_row-fluid\"><div class=\"wpb_column vc_column_container vc_col-sm-6\"><div class=\"vc_column-inner\"><div class=\"wpb_wrapper\">\n\t<div class=\"wpb_text_column wpb_content_element  post-formatting\" >\n\t\t<div class=\"wpb_wrapper\">\n\t\t\t<h5 style=\"text-align: left;\" align=\"center\">Breakfast<\/h5>\n<p style=\"text-align: left;\" align=\"center\">please check your booking confirmation to see whether your selected rate includes breakfast \u2013 if not, breakfast can be purchased at the hotel reception<\/p>\n<h5 style=\"text-align: left;\" align=\"center\">Riserva RoofTop access<\/h5>\n<p style=\"text-align: left;\" align=\"center\">with the exception of apartments\/suites, access is not included in the room rate and can be purchased at the spa reception or hotel reception<\/p>\n<h5 style=\"text-align: left;\" align=\"center\">Access to Riserva Wine Spa facilities<\/h5>\n<p style=\"text-align: left;\" align=\"center\">with the exception of apartments\/suites, access is not included in the room rate and can be purchased at the spa reception or hotel reception<\/p>\n<h5 style=\"text-align: left;\" align=\"center\">Bubble Gym access<\/h5>\n<p style=\"text-align: left;\" align=\"center\">with the exception of Deluxe rooms, access is included in the room rate; for Deluxe rooms, it can be purchased at the hotel reception<\/p>\n<h5 style=\"text-align: left;\" align=\"center\">Pets policy<\/h5>\n<p style=\"text-align: left;\" align=\"center\">the hotel does not accept pets, except for service animals \u2013 please request information regarding any applicable fees at the time of booking<\/p>\n<h5 style=\"text-align: left;\" align=\"center\">For any additional questions, we are happy to assist you.<\/h5>\n<p style=\"text-align: left;\" align=\"center\"><a href=\"mailto:reservations@ramadaoradea.ro\">reservations@ramadaoradea.ro\u00a0\u00a0<\/a><br \/>\n<a href=\"tel:+40359403333\">\u00a0+40 359 403 333<\/a><\/p>\n\n\t\t<\/div>\n\t<\/div>\n<\/div><\/div><\/div><div class=\"wpb_column vc_column_container vc_col-sm-6\"><div class=\"vc_column-inner\"><div class=\"wpb_wrapper\">\n\t<div  class=\"wpb_single_image wpb_content_element vc_align_left\">\n\t\t\n\t\t<figure class=\"wpb_wrapper vc_figure\">\n\t\t\t<div class=\"vc_single_image-wrapper   vc_box_border_grey\"><img loading=\"lazy\" decoding=\"async\" width=\"2560\" height=\"1707\" src=\"https:\/\/ramadaoradea.ro\/wp-content\/uploads\/2018\/03\/23614_e4-scaled.jpg\" class=\"vc_single_image-img attachment-full\" alt=\"\" title=\"23614_e4\" srcset=\"https:\/\/ramadaoradea.ro\/wp-content\/uploads\/2018\/03\/23614_e4-scaled.jpg 2560w, https:\/\/ramadaoradea.ro\/wp-content\/uploads\/2018\/03\/23614_e4-scaled-600x400.jpg 600w, https:\/\/ramadaoradea.ro\/wp-content\/uploads\/2018\/03\/23614_e4-300x200.jpg 300w, https:\/\/ramadaoradea.ro\/wp-content\/uploads\/2018\/03\/23614_e4-1024x683.jpg 1024w, https:\/\/ramadaoradea.ro\/wp-content\/uploads\/2018\/03\/23614_e4-768x512.jpg 768w, https:\/\/ramadaoradea.ro\/wp-content\/uploads\/2018\/03\/23614_e4-1536x1024.jpg 1536w, https:\/\/ramadaoradea.ro\/wp-content\/uploads\/2018\/03\/23614_e4-2048x1365.jpg 2048w, https:\/\/ramadaoradea.ro\/wp-content\/uploads\/2018\/03\/23614_e4-18x12.jpg 18w, https:\/\/ramadaoradea.ro\/wp-content\/uploads\/2018\/03\/23614_e4-1612x1075.jpg 1612w, https:\/\/ramadaoradea.ro\/wp-content\/uploads\/2018\/03\/23614_e4-1116x744.jpg 1116w, https:\/\/ramadaoradea.ro\/wp-content\/uploads\/2018\/03\/23614_e4-806x537.jpg 806w, https:\/\/ramadaoradea.ro\/wp-content\/uploads\/2018\/03\/23614_e4-558x372.jpg 558w, https:\/\/ramadaoradea.ro\/wp-content\/uploads\/2018\/03\/23614_e4-655x437.jpg 655w\" sizes=\"auto, (max-width: 2560px) 100vw, 2560px\" \/><\/div>\n\t\t<\/figure>\n\t<\/div>\n<\/div><\/div><\/div><\/div><\/div>\n<\/section>","protected":false},"excerpt":{"rendered":"Politica hotelului Check-in \u00eencep\u00e2nd cu ora 3 pm\u00a0 - v\u0103 rog s\u0103 ne comunica\u021bi ora aproximativ\u0103 de sosire Check-out p\u00e2n\u0103 la ora 12 pr\u00e2nz \u00a0- v\u0103 rog s\u0103 comunica\u021bi \u00een avans personalului recep\u021biei dac\u0103 dori\u021bi s\u0103 preda\u021bi camera \u00eenainte de ora 6 am Politica copii 0 - 2 ani - gratuit, p\u0103tu\u021b copii oferit la&hellip;","protected":false},"author":1,"featured_media":0,"parent":0,"menu_order":0,"comment_status":"closed","ping_status":"closed","template":"","meta":{"footnotes":""},"class_list":["post-1953","page","type-page","status-publish","hentry"],"acf":[],"yoast_head":"<!-- This site is optimized with the Yoast SEO plugin v20.1 - https:\/\/yoast.com\/wordpress\/plugins\/seo\/ -->\n<title>Politica hotelului - Ramada<\/title>\n<meta name=\"robots\" content=\"index, follow, max-snippet:-1, max-image-preview:large, max-video-preview:-1\" \/>\n<link rel=\"canonical\" href=\"https:\/\/ramadaoradea.ro\/en\/politica-hotel\/\" \/>\n<meta property=\"og:locale\" content=\"en_US\" \/>\n<meta property=\"og:type\" content=\"article\" \/>\n<meta property=\"og:title\" content=\"Politica hotelului - Ramada\" \/>\n<meta property=\"og:url\" content=\"https:\/\/ramadaoradea.ro\/en\/politica-hotel\/\" \/>\n<meta property=\"og:site_name\" content=\"Ramada\" \/>\n<meta property=\"article:modified_time\" content=\"2024-06-27T15:19:00+00:00\" \/>\n<meta name=\"twitter:card\" content=\"summary_large_image\" \/>\n<meta name=\"twitter:label1\" content=\"Est. reading time\" \/>\n\t<meta name=\"twitter:data1\" content=\"3 minutes\" \/>\n<script type=\"application\/ld+json\" class=\"yoast-schema-graph\">{\"@context\":\"https:\/\/schema.org\",\"@graph\":[{\"@type\":\"WebPage\",\"@id\":\"https:\/\/ramadaoradea.ro\/ro\/politica-hotel\/\",\"url\":\"https:\/\/ramadaoradea.ro\/ro\/politica-hotel\/\",\"name\":\"Politica hotelului - Ramada\",\"isPartOf\":{\"@id\":\"https:\/\/ramadaoradea.ro\/ro\/#website\"},\"datePublished\":\"2023-02-17T07:42:24+00:00\",\"dateModified\":\"2024-06-27T15:19:00+00:00\",\"breadcrumb\":{\"@id\":\"https:\/\/ramadaoradea.ro\/ro\/politica-hotel\/#breadcrumb\"},\"inLanguage\":\"en-US\",\"potentialAction\":[{\"@type\":\"ReadAction\",\"target\":[\"https:\/\/ramadaoradea.ro\/ro\/politica-hotel\/\"]}]},{\"@type\":\"BreadcrumbList\",\"@id\":\"https:\/\/ramadaoradea.ro\/ro\/politica-hotel\/#breadcrumb\",\"itemListElement\":[{\"@type\":\"ListItem\",\"position\":1,\"name\":\"Home\",\"item\":\"https:\/\/ramadaoradea.ro\/\"},{\"@type\":\"ListItem\",\"position\":2,\"name\":\"Politica hotelului\"}]},{\"@type\":\"WebSite\",\"@id\":\"https:\/\/ramadaoradea.ro\/ro\/#website\",\"url\":\"https:\/\/ramadaoradea.ro\/ro\/\",\"name\":\"Ramada\",\"description\":\"\",\"potentialAction\":[{\"@type\":\"SearchAction\",\"target\":{\"@type\":\"EntryPoint\",\"urlTemplate\":\"https:\/\/ramadaoradea.ro\/ro\/?s={search_term_string}\"},\"query-input\":\"required name=search_term_string\"}],\"inLanguage\":\"en-US\"}]}<\/script>\n<!-- \/ Yoast SEO plugin. -->","yoast_head_json":{"title":"Politica hotelului - Ramada","robots":{"index":"index","follow":"follow","max-snippet":"max-snippet:-1","max-image-preview":"max-image-preview:large","max-video-preview":"max-video-preview:-1"},"canonical":"https:\/\/ramadaoradea.ro\/en\/politica-hotel\/","og_locale":"en_US","og_type":"article","og_title":"Politica hotelului - Ramada","og_url":"https:\/\/ramadaoradea.ro\/en\/politica-hotel\/","og_site_name":"Ramada","article_modified_time":"2024-06-27T15:19:00+00:00","twitter_card":"summary_large_image","twitter_misc":{"Est. reading time":"3 minutes"},"schema":{"@context":"https:\/\/schema.org","@graph":[{"@type":"WebPage","@id":"https:\/\/ramadaoradea.ro\/ro\/politica-hotel\/","url":"https:\/\/ramadaoradea.ro\/ro\/politica-hotel\/","name":"Politica hotelului - Ramada","isPartOf":{"@id":"https:\/\/ramadaoradea.ro\/ro\/#website"},"datePublished":"2023-02-17T07:42:24+00:00","dateModified":"2024-06-27T15:19:00+00:00","breadcrumb":{"@id":"https:\/\/ramadaoradea.ro\/ro\/politica-hotel\/#breadcrumb"},"inLanguage":"en-US","potentialAction":[{"@type":"ReadAction","target":["https:\/\/ramadaoradea.ro\/ro\/politica-hotel\/"]}]},{"@type":"BreadcrumbList","@id":"https:\/\/ramadaoradea.ro\/ro\/politica-hotel\/#breadcrumb","itemListElement":[{"@type":"ListItem","position":1,"name":"Home","item":"https:\/\/ramadaoradea.ro\/"},{"@type":"ListItem","position":2,"name":"Politica hotelului"}]},{"@type":"WebSite","@id":"https:\/\/ramadaoradea.ro\/ro\/#website","url":"https:\/\/ramadaoradea.ro\/ro\/","name":"Ramada","description":"","potentialAction":[{"@type":"SearchAction","target":{"@type":"EntryPoint","urlTemplate":"https:\/\/ramadaoradea.ro\/ro\/?s={search_term_string}"},"query-input":"required name=search_term_string"}],"inLanguage":"en-US"}]}},"_links":{"self":[{"href":"https:\/\/ramadaoradea.ro\/en\/wp-json\/wp\/v2\/pages\/1953","targetHints":{"allow":["GET"]}}],"collection":[{"href":"https:\/\/ramadaoradea.ro\/en\/wp-json\/wp\/v2\/pages"}],"about":[{"href":"https:\/\/ramadaoradea.ro\/en\/wp-json\/wp\/v2\/types\/page"}],"author":[{"embeddable":true,"href":"https:\/\/ramadaoradea.ro\/en\/wp-json\/wp\/v2\/users\/1"}],"replies":[{"embeddable":true,"href":"https:\/\/ramadaoradea.ro\/en\/wp-json\/wp\/v2\/comments?post=1953"}],"version-history":[{"count":47,"href":"https:\/\/ramadaoradea.ro\/en\/wp-json\/wp\/v2\/pages\/1953\/revisions"}],"predecessor-version":[{"id":3377,"href":"https:\/\/ramadaoradea.ro\/en\/wp-json\/wp\/v2\/pages\/1953\/revisions\/3377"}],"wp:attachment":[{"href":"https:\/\/ramadaoradea.ro\/en\/wp-json\/wp\/v2\/media?parent=1953"}],"curies":[{"name":"wp","href":"https:\/\/api.w.org\/{rel}","templated":true}]}}